{"id":160,"date":"2015-01-16T19:52:20","date_gmt":"2015-01-16T18:52:20","guid":{"rendered":"http:\/\/bee02.moox.cz\/?page_id=160"},"modified":"2026-03-04T18:28:59","modified_gmt":"2026-03-04T17:28:59","slug":"dokumenty","status":"publish","type":"page","link":"https:\/\/www.vcelarskyspolek.cz\/?page_id=160","title":{"rendered":"Dokumenty"},"content":{"rendered":"<p><a href=\"http:\/\/www.vcelarskyspolek.cz\/wp-content\/uploads\/2026\/03\/Vypis-ze-spolkoveho-rejstriku.pdf\" class=\"mtli_attachment mtli_pdf\" data-mtli=\"mtli_filesize176,86kB\">V\u00fdpis ze spolkov\u00e9ho rejst\u0159\u00edku<\/a><\/p>\n<p><a href=\"http:\/\/www.vcelarskyspolek.cz\/wp-content\/uploads\/2023\/02\/Provozni_rad_arealu_PR.pdf\" class=\"mtli_attachment mtli_pdf\" data-mtli=\"mtli_filesize1&nbsp;013,44kB\">Provozn\u00ed \u0159\u00e1d are\u00e1lu<\/a><\/p>\n<p>&nbsp;<\/p>\n<p>&nbsp;<\/p>\n<style type=\"text\/css\">a[data-mtli~=\"mtli_filesize176,86kB\"]:after {content:\" (176,86 kB)\"}a[data-mtli~=\"mtli_filesize1&nbsp;013,44kB\"]:after {content:\" (1&nbsp;013,44 kB)\"}<\/style>","protected":false},"excerpt":{"rendered":"<p>V\u00fdpis ze spolkov\u00e9ho rejst\u0159\u00edku Provozn\u00ed \u0159\u00e1d are\u00e1lu &nbsp; &nbsp;<\/p>\n","protected":false},"author":2,"featured_media":0,"parent":0,"menu_order":0,"comment_status":"closed","ping_status":"closed","template":"","meta":{"ngg_post_thumbnail":0},"yoast_head":"<!-- This site is optimized with the Yoast SEO plugin v19.13-RC1 - https:\/\/yoast.com\/wordpress\/plugins\/seo\/ -->\n<title>Dokumenty - V\u010cELA\u0158I Lomnice nad Popelkou<\/title>\n<meta name=\"robots\" content=\"index, follow, max-snippet:-1, max-image-preview:large, max-video-preview:-1\" \/>\n<link rel=\"canonical\" href=\"https:\/\/www.vcelarskyspolek.cz\/?page_id=160\" \/>\n<meta property=\"og:locale\" content=\"cs_CZ\" \/>\n<meta property=\"og:type\" content=\"article\" \/>\n<meta property=\"og:title\" content=\"Dokumenty - V\u010cELA\u0158I Lomnice nad Popelkou\" \/>\n<meta property=\"og:description\" content=\"V\u00fdpis ze spolkov\u00e9ho rejst\u0159\u00edku Provozn\u00ed \u0159\u00e1d are\u00e1lu &nbsp; &nbsp;\" \/>\n<meta property=\"og:url\" content=\"https:\/\/www.vcelarskyspolek.cz\/?page_id=160\" \/>\n<meta property=\"og:site_name\" content=\"V\u010cELA\u0158I Lomnice nad Popelkou\" \/>\n<meta property=\"article:modified_time\" content=\"2026-03-04T17:28:59+00:00\" \/>\n<meta name=\"twitter:card\" content=\"summary_large_image\" \/>\n<script type=\"application\/ld+json\" class=\"yoast-schema-graph\">{\"@context\":\"https:\/\/schema.org\",\"@graph\":[{\"@type\":\"WebPage\",\"@id\":\"https:\/\/www.vcelarskyspolek.cz\/?page_id=160\",\"url\":\"https:\/\/www.vcelarskyspolek.cz\/?page_id=160\",\"name\":\"Dokumenty - V\u010cELA\u0158I Lomnice nad Popelkou\",\"isPartOf\":{\"@id\":\"https:\/\/www.vcelarskyspolek.cz\/#website\"},\"datePublished\":\"2015-01-16T18:52:20+00:00\",\"dateModified\":\"2026-03-04T17:28:59+00:00\",\"breadcrumb\":{\"@id\":\"https:\/\/www.vcelarskyspolek.cz\/?page_id=160#breadcrumb\"},\"inLanguage\":\"cs\",\"potentialAction\":[{\"@type\":\"ReadAction\",\"target\":[\"https:\/\/www.vcelarskyspolek.cz\/?page_id=160\"]}]},{\"@type\":\"BreadcrumbList\",\"@id\":\"https:\/\/www.vcelarskyspolek.cz\/?page_id=160#breadcrumb\",\"itemListElement\":[{\"@type\":\"ListItem\",\"position\":1,\"name\":\"Dom\u016f\",\"item\":\"https:\/\/www.vcelarskyspolek.cz\/\"},{\"@type\":\"ListItem\",\"position\":2,\"name\":\"Dokumenty\"}]},{\"@type\":\"WebSite\",\"@id\":\"https:\/\/www.vcelarskyspolek.cz\/#website\",\"url\":\"https:\/\/www.vcelarskyspolek.cz\/\",\"name\":\"V\u010cELA\u0158I Lomnice nad Popelkou\",\"description\":\"\",\"potentialAction\":[{\"@type\":\"SearchAction\",\"target\":{\"@type\":\"EntryPoint\",\"urlTemplate\":\"https:\/\/www.vcelarskyspolek.cz\/?s={search_term_string}\"},\"query-input\":\"required name=search_term_string\"}],\"inLanguage\":\"cs\"}]}<\/script>\n<!-- \/ Yoast SEO plugin. -->","yoast_head_json":{"title":"Dokumenty - V\u010cELA\u0158I Lomnice nad Popelkou","robots":{"index":"index","follow":"follow","max-snippet":"max-snippet:-1","max-image-preview":"max-image-preview:large","max-video-preview":"max-video-preview:-1"},"canonical":"https:\/\/www.vcelarskyspolek.cz\/?page_id=160","og_locale":"cs_CZ","og_type":"article","og_title":"Dokumenty - V\u010cELA\u0158I Lomnice nad Popelkou","og_description":"V\u00fdpis ze spolkov\u00e9ho rejst\u0159\u00edku Provozn\u00ed \u0159\u00e1d are\u00e1lu &nbsp; &nbsp;","og_url":"https:\/\/www.vcelarskyspolek.cz\/?page_id=160","og_site_name":"V\u010cELA\u0158I Lomnice nad Popelkou","article_modified_time":"2026-03-04T17:28:59+00:00","twitter_card":"summary_large_image","schema":{"@context":"https:\/\/schema.org","@graph":[{"@type":"WebPage","@id":"https:\/\/www.vcelarskyspolek.cz\/?page_id=160","url":"https:\/\/www.vcelarskyspolek.cz\/?page_id=160","name":"Dokumenty - V\u010cELA\u0158I Lomnice nad Popelkou","isPartOf":{"@id":"https:\/\/www.vcelarskyspolek.cz\/#website"},"datePublished":"2015-01-16T18:52:20+00:00","dateModified":"2026-03-04T17:28:59+00:00","breadcrumb":{"@id":"https:\/\/www.vcelarskyspolek.cz\/?page_id=160#breadcrumb"},"inLanguage":"cs","potentialAction":[{"@type":"ReadAction","target":["https:\/\/www.vcelarskyspolek.cz\/?page_id=160"]}]},{"@type":"BreadcrumbList","@id":"https:\/\/www.vcelarskyspolek.cz\/?page_id=160#breadcrumb","itemListElement":[{"@type":"ListItem","position":1,"name":"Dom\u016f","item":"https:\/\/www.vcelarskyspolek.cz\/"},{"@type":"ListItem","position":2,"name":"Dokumenty"}]},{"@type":"WebSite","@id":"https:\/\/www.vcelarskyspolek.cz\/#website","url":"https:\/\/www.vcelarskyspolek.cz\/","name":"V\u010cELA\u0158I Lomnice nad Popelkou","description":"","potentialAction":[{"@type":"SearchAction","target":{"@type":"EntryPoint","urlTemplate":"https:\/\/www.vcelarskyspolek.cz\/?s={search_term_string}"},"query-input":"required name=search_term_string"}],"inLanguage":"cs"}]}},"_links":{"self":[{"href":"https:\/\/www.vcelarskyspolek.cz\/index.php?rest_route=\/wp\/v2\/pages\/160"}],"collection":[{"href":"https:\/\/www.vcelarskyspolek.cz\/index.php?rest_route=\/wp\/v2\/pages"}],"about":[{"href":"https:\/\/www.vcelarskyspolek.cz\/index.php?rest_route=\/wp\/v2\/types\/page"}],"author":[{"embeddable":true,"href":"https:\/\/www.vcelarskyspolek.cz\/index.php?rest_route=\/wp\/v2\/users\/2"}],"replies":[{"embeddable":true,"href":"https:\/\/www.vcelarskyspolek.cz\/index.php?rest_route=%2Fwp%2Fv2%2Fcomments&post=160"}],"version-history":[{"count":22,"href":"https:\/\/www.vcelarskyspolek.cz\/index.php?rest_route=\/wp\/v2\/pages\/160\/revisions"}],"predecessor-version":[{"id":29840,"href":"https:\/\/www.vcelarskyspolek.cz\/index.php?rest_route=\/wp\/v2\/pages\/160\/revisions\/29840"}],"wp:attachment":[{"href":"https:\/\/www.vcelarskyspolek.cz\/index.php?rest_route=%2Fwp%2Fv2%2Fmedia&parent=160"}],"curies":[{"name":"wp","href":"https:\/\/api.w.org\/{rel}","templated":true}]}}