{"id":16,"date":"2022-10-21T17:57:53","date_gmt":"2022-10-21T16:57:53","guid":{"rendered":"http:\/\/bee02.moox.cz\/?page_id=16"},"modified":"2022-10-21T19:38:24","modified_gmt":"2022-10-21T18:38:24","slug":"uvod","status":"publish","type":"page","link":"https:\/\/www.vcelarskyspolek.cz\/","title":{"rendered":"\u00davod"},"content":{"rendered":"\n<div id=\"Background_bees\" class=\"wp-block-gosign-gosign-background-contianer gosign-color-section btn-full align-false default-padding no-margin full-width no-min-height lightColorLayout no-top-border no-bottom-border colorSectionFe background-scroll background-repeat overlay-false defined-width\"><div class=\"outer-container background-scroll\" style=\"background-image:url(http:\/\/www.vcelarskyspolek.cz\/wp-content\/uploads\/2022\/10\/bee.jpg);background-position:50% 50%;background-repeat:repeat\"><div class=\"inner-container\"><div class=\"contentBlock\">\n<p><\/p>\n<\/div><\/div><\/div><\/div>\n\n\n<p>[do_widget pages]<\/p>","protected":false},"excerpt":{"rendered":"<p>[do_widget pages]<\/p>\n","protected":false},"author":1,"featured_media":0,"parent":0,"menu_order":0,"comment_status":"closed","ping_status":"closed","template":"","meta":{"ngg_post_thumbnail":0},"yoast_head":"<!-- This site is optimized with the Yoast SEO plugin v19.13-RC1 - https:\/\/yoast.com\/wordpress\/plugins\/seo\/ -->\n<title>\u00davod - V\u010cELA\u0158I Lomnice nad Popelkou<\/title>\n<meta name=\"robots\" content=\"index, follow, max-snippet:-1, max-image-preview:large, max-video-preview:-1\" \/>\n<link rel=\"canonical\" href=\"https:\/\/www.vcelarskyspolek.cz\/\" \/>\n<meta property=\"og:locale\" content=\"cs_CZ\" \/>\n<meta property=\"og:type\" content=\"article\" \/>\n<meta property=\"og:title\" content=\"\u00davod - V\u010cELA\u0158I Lomnice nad Popelkou\" \/>\n<meta property=\"og:description\" content=\"[do_widget pages]\" \/>\n<meta property=\"og:url\" content=\"https:\/\/www.vcelarskyspolek.cz\/\" \/>\n<meta property=\"og:site_name\" content=\"V\u010cELA\u0158I Lomnice nad Popelkou\" \/>\n<meta property=\"article:modified_time\" content=\"2022-10-21T18:38:24+00:00\" \/>\n<meta name=\"twitter:card\" content=\"summary_large_image\" \/>\n<script type=\"application\/ld+json\" class=\"yoast-schema-graph\">{\"@context\":\"https:\/\/schema.org\",\"@graph\":[{\"@type\":\"WebPage\",\"@id\":\"https:\/\/www.vcelarskyspolek.cz\/\",\"url\":\"https:\/\/www.vcelarskyspolek.cz\/\",\"name\":\"\u00davod - V\u010cELA\u0158I Lomnice nad Popelkou\",\"isPartOf\":{\"@id\":\"https:\/\/www.vcelarskyspolek.cz\/#website\"},\"datePublished\":\"2022-10-21T16:57:53+00:00\",\"dateModified\":\"2022-10-21T18:38:24+00:00\",\"breadcrumb\":{\"@id\":\"https:\/\/www.vcelarskyspolek.cz\/#breadcrumb\"},\"inLanguage\":\"cs\",\"potentialAction\":[{\"@type\":\"ReadAction\",\"target\":[\"https:\/\/www.vcelarskyspolek.cz\/\"]}]},{\"@type\":\"BreadcrumbList\",\"@id\":\"https:\/\/www.vcelarskyspolek.cz\/#breadcrumb\",\"itemListElement\":[{\"@type\":\"ListItem\",\"position\":1,\"name\":\"Dom\u016f\",\"item\":\"https:\/\/www.vcelarskyspolek.cz\/\"},{\"@type\":\"ListItem\",\"position\":2,\"name\":\"\u00davod\"}]},{\"@type\":\"WebSite\",\"@id\":\"https:\/\/www.vcelarskyspolek.cz\/#website\",\"url\":\"https:\/\/www.vcelarskyspolek.cz\/\",\"name\":\"V\u010cELA\u0158I Lomnice nad Popelkou\",\"description\":\"\",\"potentialAction\":[{\"@type\":\"SearchAction\",\"target\":{\"@type\":\"EntryPoint\",\"urlTemplate\":\"https:\/\/www.vcelarskyspolek.cz\/?s={search_term_string}\"},\"query-input\":\"required name=search_term_string\"}],\"inLanguage\":\"cs\"}]}<\/script>\n<!-- \/ Yoast SEO plugin. -->","yoast_head_json":{"title":"\u00davod - V\u010cELA\u0158I Lomnice nad Popelkou","robots":{"index":"index","follow":"follow","max-snippet":"max-snippet:-1","max-image-preview":"max-image-preview:large","max-video-preview":"max-video-preview:-1"},"canonical":"https:\/\/www.vcelarskyspolek.cz\/","og_locale":"cs_CZ","og_type":"article","og_title":"\u00davod - V\u010cELA\u0158I Lomnice nad Popelkou","og_description":"[do_widget pages]","og_url":"https:\/\/www.vcelarskyspolek.cz\/","og_site_name":"V\u010cELA\u0158I Lomnice nad Popelkou","article_modified_time":"2022-10-21T18:38:24+00:00","twitter_card":"summary_large_image","schema":{"@context":"https:\/\/schema.org","@graph":[{"@type":"WebPage","@id":"https:\/\/www.vcelarskyspolek.cz\/","url":"https:\/\/www.vcelarskyspolek.cz\/","name":"\u00davod - V\u010cELA\u0158I Lomnice nad Popelkou","isPartOf":{"@id":"https:\/\/www.vcelarskyspolek.cz\/#website"},"datePublished":"2022-10-21T16:57:53+00:00","dateModified":"2022-10-21T18:38:24+00:00","breadcrumb":{"@id":"https:\/\/www.vcelarskyspolek.cz\/#breadcrumb"},"inLanguage":"cs","potentialAction":[{"@type":"ReadAction","target":["https:\/\/www.vcelarskyspolek.cz\/"]}]},{"@type":"BreadcrumbList","@id":"https:\/\/www.vcelarskyspolek.cz\/#breadcrumb","itemListElement":[{"@type":"ListItem","position":1,"name":"Dom\u016f","item":"https:\/\/www.vcelarskyspolek.cz\/"},{"@type":"ListItem","position":2,"name":"\u00davod"}]},{"@type":"WebSite","@id":"https:\/\/www.vcelarskyspolek.cz\/#website","url":"https:\/\/www.vcelarskyspolek.cz\/","name":"V\u010cELA\u0158I Lomnice nad Popelkou","description":"","potentialAction":[{"@type":"SearchAction","target":{"@type":"EntryPoint","urlTemplate":"https:\/\/www.vcelarskyspolek.cz\/?s={search_term_string}"},"query-input":"required name=search_term_string"}],"inLanguage":"cs"}]}},"_links":{"self":[{"href":"https:\/\/www.vcelarskyspolek.cz\/index.php?rest_route=\/wp\/v2\/pages\/16"}],"collection":[{"href":"https:\/\/www.vcelarskyspolek.cz\/index.php?rest_route=\/wp\/v2\/pages"}],"about":[{"href":"https:\/\/www.vcelarskyspolek.cz\/index.php?rest_route=\/wp\/v2\/types\/page"}],"author":[{"embeddable":true,"href":"https:\/\/www.vcelarskyspolek.cz\/index.php?rest_route=\/wp\/v2\/users\/1"}],"replies":[{"embeddable":true,"href":"https:\/\/www.vcelarskyspolek.cz\/index.php?rest_route=%2Fwp%2Fv2%2Fcomments&post=16"}],"version-history":[{"count":18,"href":"https:\/\/www.vcelarskyspolek.cz\/index.php?rest_route=\/wp\/v2\/pages\/16\/revisions"}],"predecessor-version":[{"id":5154,"href":"https:\/\/www.vcelarskyspolek.cz\/index.php?rest_route=\/wp\/v2\/pages\/16\/revisions\/5154"}],"wp:attachment":[{"href":"https:\/\/www.vcelarskyspolek.cz\/index.php?rest_route=%2Fwp%2Fv2%2Fmedia&parent=16"}],"curies":[{"name":"wp","href":"https:\/\/api.w.org\/{rel}","templated":true}]}}