{"id":5109,"date":"2022-10-17T14:58:28","date_gmt":"2022-10-17T13:58:28","guid":{"rendered":"http:\/\/www.vcelarskyspolek.cz\/?page_id=5109"},"modified":"2022-10-17T15:01:14","modified_gmt":"2022-10-17T14:01:14","slug":"nemoci-vcel","status":"publish","type":"page","link":"http:\/\/www.vcelarskyspolek.cz\/?page_id=5109","title":{"rendered":"Nemoci v\u010del"},"content":{"rendered":"<p><a href=\"http:\/\/www.vcelarskyspolek.cz\/wp-content\/uploads\/2022\/10\/NEMOCI-V\u010cEL.pptx\">Prezentace &#8222;NEMOCI V\u010cEL&#8220;<\/a><\/p>\n<p><a href=\"http:\/\/www.vcelarskyspolek.cz\/wp-content\/uploads\/2022\/10\/Nemoci_vcel.zip\" class=\"mtli_attachment mtli_zip\" data-mtli=\"mtli_filesize63,34MB\">Komplet v\u010d. vide\u00ed ke sta\u017een\u00ed ZDE<\/a>.<\/p>\n<p>Souvisej\u00edc\u00ed videa:<\/p>\n<div style=\"width: 605px;\" class=\"wp-video\"><!--[if lt IE 9]><script>document.createElement('video');<\/script><![endif]-->\n<video class=\"wp-video-shortcode\" id=\"video-5109-1\" width=\"605\" height=\"340\" preload=\"metadata\" controls=\"controls\"><source type=\"video\/mp4\" src=\"http:\/\/www.vcelarskyspolek.cz\/wp-content\/uploads\/2022\/10\/Varroa-spread-life-cycle-and-population-growth.mp4?_=1\" \/><a href=\"http:\/\/www.vcelarskyspolek.cz\/wp-content\/uploads\/2022\/10\/Varroa-spread-life-cycle-and-population-growth.mp4\">http:\/\/www.vcelarskyspolek.cz\/wp-content\/uploads\/2022\/10\/Varroa-spread-life-cycle-and-population-growth.mp4<\/a><\/video><\/div>\n<div style=\"width: 605px;\" class=\"wp-video\"><video class=\"wp-video-shortcode\" id=\"video-5109-2\" width=\"605\" height=\"340\" preload=\"metadata\" controls=\"controls\"><source type=\"video\/mp4\" src=\"http:\/\/www.vcelarskyspolek.cz\/wp-content\/uploads\/2022\/10\/Varroa-Destructor-Mite.mp4?_=2\" \/><a href=\"http:\/\/www.vcelarskyspolek.cz\/wp-content\/uploads\/2022\/10\/Varroa-Destructor-Mite.mp4\">http:\/\/www.vcelarskyspolek.cz\/wp-content\/uploads\/2022\/10\/Varroa-Destructor-Mite.mp4<\/a><\/video><\/div>\n<div style=\"width: 605px;\" class=\"wp-video\"><video class=\"wp-video-shortcode\" id=\"video-5109-3\" width=\"605\" height=\"340\" preload=\"metadata\" controls=\"controls\"><source type=\"video\/mp4\" src=\"http:\/\/www.vcelarskyspolek.cz\/wp-content\/uploads\/2022\/10\/Varroa-Mites_-Why-Bees-are-Dying.mp4?_=3\" \/><a href=\"http:\/\/www.vcelarskyspolek.cz\/wp-content\/uploads\/2022\/10\/Varroa-Mites_-Why-Bees-are-Dying.mp4\">http:\/\/www.vcelarskyspolek.cz\/wp-content\/uploads\/2022\/10\/Varroa-Mites_-Why-Bees-are-Dying.mp4<\/a><\/video><\/div>\n<style type=\"text\/css\">a[data-mtli~=\"mtli_filesize63,34MB\"]:after {content:\" (63,34 MB)\"}<\/style>","protected":false},"excerpt":{"rendered":"<p>Prezentace &#8222;NEMOCI V\u010cEL&#8220; Komplet v\u010d. vide\u00ed ke sta\u017een\u00ed ZDE. Souvisej\u00edc\u00ed videa: http:\/\/www.vcelarskyspolek.cz\/wp-content\/uploads\/2022\/10\/Varroa-spread-life-cycle-and-population-growth.mp4<\/p>\n","protected":false},"author":1,"featured_media":0,"parent":0,"menu_order":0,"comment_status":"closed","ping_status":"closed","template":"","meta":{"ngg_post_thumbnail":0},"yoast_head":"<!-- This site is optimized with the Yoast SEO plugin v19.13-RC1 - https:\/\/yoast.com\/wordpress\/plugins\/seo\/ -->\n<title>Nemoci v\u010del - V\u010cELA\u0158I Lomnice nad Popelkou<\/title>\n<meta name=\"robots\" content=\"index, follow, max-snippet:-1, max-image-preview:large, max-video-preview:-1\" \/>\n<link rel=\"canonical\" href=\"http:\/\/www.vcelarskyspolek.cz\/?page_id=5109\" \/>\n<meta property=\"og:locale\" content=\"cs_CZ\" \/>\n<meta property=\"og:type\" content=\"article\" \/>\n<meta property=\"og:title\" content=\"Nemoci v\u010del - V\u010cELA\u0158I Lomnice nad Popelkou\" \/>\n<meta property=\"og:description\" content=\"Prezentace &#8222;NEMOCI V\u010cEL&#8220; Komplet v\u010d. vide\u00ed ke sta\u017een\u00ed ZDE. Souvisej\u00edc\u00ed videa: http:\/\/www.vcelarskyspolek.cz\/wp-content\/uploads\/2022\/10\/Varroa-spread-life-cycle-and-population-growth.mp4\" \/>\n<meta property=\"og:url\" content=\"http:\/\/www.vcelarskyspolek.cz\/?page_id=5109\" \/>\n<meta property=\"og:site_name\" content=\"V\u010cELA\u0158I Lomnice nad Popelkou\" \/>\n<meta property=\"article:modified_time\" content=\"2022-10-17T14:01:14+00:00\" \/>\n<meta name=\"twitter:card\" content=\"summary_large_image\" \/>\n<script type=\"application\/ld+json\" class=\"yoast-schema-graph\">{\"@context\":\"https:\/\/schema.org\",\"@graph\":[{\"@type\":\"WebPage\",\"@id\":\"http:\/\/www.vcelarskyspolek.cz\/?page_id=5109\",\"url\":\"http:\/\/www.vcelarskyspolek.cz\/?page_id=5109\",\"name\":\"Nemoci v\u010del - V\u010cELA\u0158I Lomnice nad Popelkou\",\"isPartOf\":{\"@id\":\"https:\/\/www.vcelarskyspolek.cz\/#website\"},\"datePublished\":\"2022-10-17T13:58:28+00:00\",\"dateModified\":\"2022-10-17T14:01:14+00:00\",\"breadcrumb\":{\"@id\":\"http:\/\/www.vcelarskyspolek.cz\/?page_id=5109#breadcrumb\"},\"inLanguage\":\"cs\",\"potentialAction\":[{\"@type\":\"ReadAction\",\"target\":[\"http:\/\/www.vcelarskyspolek.cz\/?page_id=5109\"]}]},{\"@type\":\"BreadcrumbList\",\"@id\":\"http:\/\/www.vcelarskyspolek.cz\/?page_id=5109#breadcrumb\",\"itemListElement\":[{\"@type\":\"ListItem\",\"position\":1,\"name\":\"Dom\u016f\",\"item\":\"https:\/\/www.vcelarskyspolek.cz\/\"},{\"@type\":\"ListItem\",\"position\":2,\"name\":\"Nemoci v\u010del\"}]},{\"@type\":\"WebSite\",\"@id\":\"https:\/\/www.vcelarskyspolek.cz\/#website\",\"url\":\"https:\/\/www.vcelarskyspolek.cz\/\",\"name\":\"V\u010cELA\u0158I Lomnice nad Popelkou\",\"description\":\"\",\"potentialAction\":[{\"@type\":\"SearchAction\",\"target\":{\"@type\":\"EntryPoint\",\"urlTemplate\":\"https:\/\/www.vcelarskyspolek.cz\/?s={search_term_string}\"},\"query-input\":\"required name=search_term_string\"}],\"inLanguage\":\"cs\"}]}<\/script>\n<!-- \/ Yoast SEO plugin. -->","yoast_head_json":{"title":"Nemoci v\u010del - V\u010cELA\u0158I Lomnice nad Popelkou","robots":{"index":"index","follow":"follow","max-snippet":"max-snippet:-1","max-image-preview":"max-image-preview:large","max-video-preview":"max-video-preview:-1"},"canonical":"http:\/\/www.vcelarskyspolek.cz\/?page_id=5109","og_locale":"cs_CZ","og_type":"article","og_title":"Nemoci v\u010del - V\u010cELA\u0158I Lomnice nad Popelkou","og_description":"Prezentace &#8222;NEMOCI V\u010cEL&#8220; Komplet v\u010d. vide\u00ed ke sta\u017een\u00ed ZDE. Souvisej\u00edc\u00ed videa: http:\/\/www.vcelarskyspolek.cz\/wp-content\/uploads\/2022\/10\/Varroa-spread-life-cycle-and-population-growth.mp4","og_url":"http:\/\/www.vcelarskyspolek.cz\/?page_id=5109","og_site_name":"V\u010cELA\u0158I Lomnice nad Popelkou","article_modified_time":"2022-10-17T14:01:14+00:00","twitter_card":"summary_large_image","schema":{"@context":"https:\/\/schema.org","@graph":[{"@type":"WebPage","@id":"http:\/\/www.vcelarskyspolek.cz\/?page_id=5109","url":"http:\/\/www.vcelarskyspolek.cz\/?page_id=5109","name":"Nemoci v\u010del - V\u010cELA\u0158I Lomnice nad Popelkou","isPartOf":{"@id":"https:\/\/www.vcelarskyspolek.cz\/#website"},"datePublished":"2022-10-17T13:58:28+00:00","dateModified":"2022-10-17T14:01:14+00:00","breadcrumb":{"@id":"http:\/\/www.vcelarskyspolek.cz\/?page_id=5109#breadcrumb"},"inLanguage":"cs","potentialAction":[{"@type":"ReadAction","target":["http:\/\/www.vcelarskyspolek.cz\/?page_id=5109"]}]},{"@type":"BreadcrumbList","@id":"http:\/\/www.vcelarskyspolek.cz\/?page_id=5109#breadcrumb","itemListElement":[{"@type":"ListItem","position":1,"name":"Dom\u016f","item":"https:\/\/www.vcelarskyspolek.cz\/"},{"@type":"ListItem","position":2,"name":"Nemoci v\u010del"}]},{"@type":"WebSite","@id":"https:\/\/www.vcelarskyspolek.cz\/#website","url":"https:\/\/www.vcelarskyspolek.cz\/","name":"V\u010cELA\u0158I Lomnice nad Popelkou","description":"","potentialAction":[{"@type":"SearchAction","target":{"@type":"EntryPoint","urlTemplate":"https:\/\/www.vcelarskyspolek.cz\/?s={search_term_string}"},"query-input":"required name=search_term_string"}],"inLanguage":"cs"}]}},"_links":{"self":[{"href":"http:\/\/www.vcelarskyspolek.cz\/index.php?rest_route=\/wp\/v2\/pages\/5109"}],"collection":[{"href":"http:\/\/www.vcelarskyspolek.cz\/index.php?rest_route=\/wp\/v2\/pages"}],"about":[{"href":"http:\/\/www.vcelarskyspolek.cz\/index.php?rest_route=\/wp\/v2\/types\/page"}],"author":[{"embeddable":true,"href":"http:\/\/www.vcelarskyspolek.cz\/index.php?rest_route=\/wp\/v2\/users\/1"}],"replies":[{"embeddable":true,"href":"http:\/\/www.vcelarskyspolek.cz\/index.php?rest_route=%2Fwp%2Fv2%2Fcomments&post=5109"}],"version-history":[{"count":3,"href":"http:\/\/www.vcelarskyspolek.cz\/index.php?rest_route=\/wp\/v2\/pages\/5109\/revisions"}],"predecessor-version":[{"id":5115,"href":"http:\/\/www.vcelarskyspolek.cz\/index.php?rest_route=\/wp\/v2\/pages\/5109\/revisions\/5115"}],"wp:attachment":[{"href":"http:\/\/www.vcelarskyspolek.cz\/index.php?rest_route=%2Fwp%2Fv2%2Fmedia&parent=5109"}],"curies":[{"name":"wp","href":"https:\/\/api.w.org\/{rel}","templated":true}]}}