{"id":5070,"date":"2022-09-21T18:09:54","date_gmt":"2022-09-21T17:09:54","guid":{"rendered":"http:\/\/www.vcelarskyspolek.cz\/foto\/14-5-2020-chovatelsky-den-lomnice-nad-popelkou\/"},"modified":"2022-09-21T18:21:02","modified_gmt":"2022-09-21T17:21:02","slug":"14-5-2020-chovatelsky-den-lomnice-nad-popelkou","status":"publish","type":"page","link":"http:\/\/www.vcelarskyspolek.cz\/?page_id=5070","title":{"rendered":"14. 5. 2022 &#8211; Chovatelsk\u00fd den Lomnice nad Popelkou"},"content":{"rendered":"<!-- index.php -->\n<div\n\tclass=\"ngg-galleryoverview\"\n\tid=\"ngg-gallery-f90d1cb71671c76e6cf58a52de35d801-1\">\n\n    \t\t<!-- Thumbnails -->\n\t\t\t\t<div id=\"ngg-image-0\" class=\"ngg-gallery-thumbnail-box\" >\n\t\t\t\t        <div class=\"ngg-gallery-thumbnail\">\n            <a href=\"http:\/\/www.vcelarskyspolek.cz\/wp-content\/gallery\/14-5-2020-chovatelsky-den-lomnice-nad-popelkou\/DSCF1383.JPG\"\n               title=\"\"\n               data-src=\"http:\/\/www.vcelarskyspolek.cz\/wp-content\/gallery\/14-5-2020-chovatelsky-den-lomnice-nad-popelkou\/DSCF1383.JPG\"\n               data-thumbnail=\"http:\/\/www.vcelarskyspolek.cz\/wp-content\/gallery\/14-5-2020-chovatelsky-den-lomnice-nad-popelkou\/thumbs\/thumbs_DSCF1383.JPG\"\n               data-image-id=\"2176\"\n               data-title=\"DSCF1383\"\n               data-description=\"\"\n               data-image-slug=\"dscf1383\"\n               class=\"ngg-fancybox\" rel=\"f90d1cb71671c76e6cf58a52de35d801\">\n                <img\n                    title=\"DSCF1383\"\n                    alt=\"DSCF1383\"\n                    src=\"http:\/\/www.vcelarskyspolek.cz\/wp-content\/gallery\/14-5-2020-chovatelsky-den-lomnice-nad-popelkou\/thumbs\/thumbs_DSCF1383.JPG\"\n                    width=\"120\"\n                    height=\"90\"\n                    style=\"max-width:100%;\"\n                \/>\n            <\/a>\n        <\/div>\n\t\t\t\t\t\t\t<\/div> \n\t\t\t\n        \n\t\t\t\t<div id=\"ngg-image-1\" class=\"ngg-gallery-thumbnail-box\" >\n\t\t\t\t        <div class=\"ngg-gallery-thumbnail\">\n            <a href=\"http:\/\/www.vcelarskyspolek.cz\/wp-content\/gallery\/14-5-2020-chovatelsky-den-lomnice-nad-popelkou\/DSCF1386.JPG\"\n               title=\"\"\n               data-src=\"http:\/\/www.vcelarskyspolek.cz\/wp-content\/gallery\/14-5-2020-chovatelsky-den-lomnice-nad-popelkou\/DSCF1386.JPG\"\n               data-thumbnail=\"http:\/\/www.vcelarskyspolek.cz\/wp-content\/gallery\/14-5-2020-chovatelsky-den-lomnice-nad-popelkou\/thumbs\/thumbs_DSCF1386.JPG\"\n               data-image-id=\"2177\"\n               data-title=\"DSCF1386\"\n               data-description=\"\"\n               data-image-slug=\"dscf1386\"\n               class=\"ngg-fancybox\" rel=\"f90d1cb71671c76e6cf58a52de35d801\">\n                <img\n                    title=\"DSCF1386\"\n                    alt=\"DSCF1386\"\n                    src=\"http:\/\/www.vcelarskyspolek.cz\/wp-content\/gallery\/14-5-2020-chovatelsky-den-lomnice-nad-popelkou\/thumbs\/thumbs_DSCF1386.JPG\"\n                    width=\"120\"\n                    height=\"90\"\n                    style=\"max-width:100%;\"\n                \/>\n            <\/a>\n        <\/div>\n\t\t\t\t\t\t\t<\/div> \n\t\t\t\n        \n\t\t\t\t<div id=\"ngg-image-2\" class=\"ngg-gallery-thumbnail-box\" >\n\t\t\t\t        <div class=\"ngg-gallery-thumbnail\">\n            <a href=\"http:\/\/www.vcelarskyspolek.cz\/wp-content\/gallery\/14-5-2020-chovatelsky-den-lomnice-nad-popelkou\/DSCF1388.JPG\"\n               title=\"\"\n               data-src=\"http:\/\/www.vcelarskyspolek.cz\/wp-content\/gallery\/14-5-2020-chovatelsky-den-lomnice-nad-popelkou\/DSCF1388.JPG\"\n               data-thumbnail=\"http:\/\/www.vcelarskyspolek.cz\/wp-content\/gallery\/14-5-2020-chovatelsky-den-lomnice-nad-popelkou\/thumbs\/thumbs_DSCF1388.JPG\"\n               data-image-id=\"2178\"\n               data-title=\"DSCF1388\"\n               data-description=\"\"\n               data-image-slug=\"dscf1388\"\n               class=\"ngg-fancybox\" rel=\"f90d1cb71671c76e6cf58a52de35d801\">\n                <img\n                    title=\"DSCF1388\"\n                    alt=\"DSCF1388\"\n                    src=\"http:\/\/www.vcelarskyspolek.cz\/wp-content\/gallery\/14-5-2020-chovatelsky-den-lomnice-nad-popelkou\/thumbs\/thumbs_DSCF1388.JPG\"\n                    width=\"120\"\n                    height=\"90\"\n                    style=\"max-width:100%;\"\n                \/>\n            <\/a>\n        <\/div>\n\t\t\t\t\t\t\t<\/div> \n\t\t\t\n        \n\t\t\t\t<div id=\"ngg-image-3\" class=\"ngg-gallery-thumbnail-box\" >\n\t\t\t\t        <div class=\"ngg-gallery-thumbnail\">\n            <a href=\"http:\/\/www.vcelarskyspolek.cz\/wp-content\/gallery\/14-5-2020-chovatelsky-den-lomnice-nad-popelkou\/DSCF1392.JPG\"\n               title=\"\"\n               data-src=\"http:\/\/www.vcelarskyspolek.cz\/wp-content\/gallery\/14-5-2020-chovatelsky-den-lomnice-nad-popelkou\/DSCF1392.JPG\"\n               data-thumbnail=\"http:\/\/www.vcelarskyspolek.cz\/wp-content\/gallery\/14-5-2020-chovatelsky-den-lomnice-nad-popelkou\/thumbs\/thumbs_DSCF1392.JPG\"\n               data-image-id=\"2179\"\n               data-title=\"DSCF1392\"\n               data-description=\"\"\n               data-image-slug=\"dscf1392\"\n               class=\"ngg-fancybox\" rel=\"f90d1cb71671c76e6cf58a52de35d801\">\n                <img\n                    title=\"DSCF1392\"\n                    alt=\"DSCF1392\"\n                    src=\"http:\/\/www.vcelarskyspolek.cz\/wp-content\/gallery\/14-5-2020-chovatelsky-den-lomnice-nad-popelkou\/thumbs\/thumbs_DSCF1392.JPG\"\n                    width=\"120\"\n                    height=\"90\"\n                    style=\"max-width:100%;\"\n                \/>\n            <\/a>\n        <\/div>\n\t\t\t\t\t\t\t<\/div> \n\t\t\t\n        \n\t\t\n\t\t<div class=\"ngg-clear\"><\/div>\n\t<\/div>\n\n","protected":false},"excerpt":{"rendered":"","protected":false},"author":1,"featured_media":0,"parent":20,"menu_order":0,"comment_status":"closed","ping_status":"closed","template":"","meta":{"ngg_post_thumbnail":0},"yoast_head":"<!-- This site is optimized with the Yoast SEO plugin v19.13-RC1 - https:\/\/yoast.com\/wordpress\/plugins\/seo\/ -->\n<title>14. 5. 2022 - Chovatelsk\u00fd den Lomnice nad Popelkou - V\u010cELA\u0158I Lomnice nad Popelkou<\/title>\n<meta name=\"robots\" content=\"index, follow, max-snippet:-1, max-image-preview:large, max-video-preview:-1\" \/>\n<link rel=\"canonical\" href=\"http:\/\/www.vcelarskyspolek.cz\/?page_id=5070\" \/>\n<meta property=\"og:locale\" content=\"cs_CZ\" \/>\n<meta property=\"og:type\" content=\"article\" \/>\n<meta property=\"og:title\" content=\"14. 5. 2022 - Chovatelsk\u00fd den Lomnice nad Popelkou - V\u010cELA\u0158I Lomnice nad Popelkou\" \/>\n<meta property=\"og:url\" content=\"http:\/\/www.vcelarskyspolek.cz\/?page_id=5070\" \/>\n<meta property=\"og:site_name\" content=\"V\u010cELA\u0158I Lomnice nad Popelkou\" \/>\n<meta property=\"article:modified_time\" content=\"2022-09-21T17:21:02+00:00\" \/>\n<meta name=\"twitter:card\" content=\"summary_large_image\" \/>\n<script type=\"application\/ld+json\" class=\"yoast-schema-graph\">{\"@context\":\"https:\/\/schema.org\",\"@graph\":[{\"@type\":\"WebPage\",\"@id\":\"http:\/\/www.vcelarskyspolek.cz\/?page_id=5070\",\"url\":\"http:\/\/www.vcelarskyspolek.cz\/?page_id=5070\",\"name\":\"14. 5. 2022 - Chovatelsk\u00fd den Lomnice nad Popelkou - V\u010cELA\u0158I Lomnice nad Popelkou\",\"isPartOf\":{\"@id\":\"https:\/\/www.vcelarskyspolek.cz\/#website\"},\"datePublished\":\"2022-09-21T17:09:54+00:00\",\"dateModified\":\"2022-09-21T17:21:02+00:00\",\"breadcrumb\":{\"@id\":\"http:\/\/www.vcelarskyspolek.cz\/?page_id=5070#breadcrumb\"},\"inLanguage\":\"cs\",\"potentialAction\":[{\"@type\":\"ReadAction\",\"target\":[\"http:\/\/www.vcelarskyspolek.cz\/?page_id=5070\"]}]},{\"@type\":\"BreadcrumbList\",\"@id\":\"http:\/\/www.vcelarskyspolek.cz\/?page_id=5070#breadcrumb\",\"itemListElement\":[{\"@type\":\"ListItem\",\"position\":1,\"name\":\"Dom\u016f\",\"item\":\"https:\/\/www.vcelarskyspolek.cz\/\"},{\"@type\":\"ListItem\",\"position\":2,\"name\":\"Foto\",\"item\":\"http:\/\/www.vcelarskyspolek.cz\/?page_id=20\"},{\"@type\":\"ListItem\",\"position\":3,\"name\":\"14. 5. 2022 &#8211; Chovatelsk\u00fd den Lomnice nad Popelkou\"}]},{\"@type\":\"WebSite\",\"@id\":\"https:\/\/www.vcelarskyspolek.cz\/#website\",\"url\":\"https:\/\/www.vcelarskyspolek.cz\/\",\"name\":\"V\u010cELA\u0158I Lomnice nad Popelkou\",\"description\":\"\",\"potentialAction\":[{\"@type\":\"SearchAction\",\"target\":{\"@type\":\"EntryPoint\",\"urlTemplate\":\"https:\/\/www.vcelarskyspolek.cz\/?s={search_term_string}\"},\"query-input\":\"required name=search_term_string\"}],\"inLanguage\":\"cs\"}]}<\/script>\n<!-- \/ Yoast SEO plugin. -->","yoast_head_json":{"title":"14. 5. 2022 - Chovatelsk\u00fd den Lomnice nad Popelkou - V\u010cELA\u0158I Lomnice nad Popelkou","robots":{"index":"index","follow":"follow","max-snippet":"max-snippet:-1","max-image-preview":"max-image-preview:large","max-video-preview":"max-video-preview:-1"},"canonical":"http:\/\/www.vcelarskyspolek.cz\/?page_id=5070","og_locale":"cs_CZ","og_type":"article","og_title":"14. 5. 2022 - Chovatelsk\u00fd den Lomnice nad Popelkou - V\u010cELA\u0158I Lomnice nad Popelkou","og_url":"http:\/\/www.vcelarskyspolek.cz\/?page_id=5070","og_site_name":"V\u010cELA\u0158I Lomnice nad Popelkou","article_modified_time":"2022-09-21T17:21:02+00:00","twitter_card":"summary_large_image","schema":{"@context":"https:\/\/schema.org","@graph":[{"@type":"WebPage","@id":"http:\/\/www.vcelarskyspolek.cz\/?page_id=5070","url":"http:\/\/www.vcelarskyspolek.cz\/?page_id=5070","name":"14. 5. 2022 - Chovatelsk\u00fd den Lomnice nad Popelkou - V\u010cELA\u0158I Lomnice nad Popelkou","isPartOf":{"@id":"https:\/\/www.vcelarskyspolek.cz\/#website"},"datePublished":"2022-09-21T17:09:54+00:00","dateModified":"2022-09-21T17:21:02+00:00","breadcrumb":{"@id":"http:\/\/www.vcelarskyspolek.cz\/?page_id=5070#breadcrumb"},"inLanguage":"cs","potentialAction":[{"@type":"ReadAction","target":["http:\/\/www.vcelarskyspolek.cz\/?page_id=5070"]}]},{"@type":"BreadcrumbList","@id":"http:\/\/www.vcelarskyspolek.cz\/?page_id=5070#breadcrumb","itemListElement":[{"@type":"ListItem","position":1,"name":"Dom\u016f","item":"https:\/\/www.vcelarskyspolek.cz\/"},{"@type":"ListItem","position":2,"name":"Foto","item":"http:\/\/www.vcelarskyspolek.cz\/?page_id=20"},{"@type":"ListItem","position":3,"name":"14. 5. 2022 &#8211; Chovatelsk\u00fd den Lomnice nad Popelkou"}]},{"@type":"WebSite","@id":"https:\/\/www.vcelarskyspolek.cz\/#website","url":"https:\/\/www.vcelarskyspolek.cz\/","name":"V\u010cELA\u0158I Lomnice nad Popelkou","description":"","potentialAction":[{"@type":"SearchAction","target":{"@type":"EntryPoint","urlTemplate":"https:\/\/www.vcelarskyspolek.cz\/?s={search_term_string}"},"query-input":"required name=search_term_string"}],"inLanguage":"cs"}]}},"_links":{"self":[{"href":"http:\/\/www.vcelarskyspolek.cz\/index.php?rest_route=\/wp\/v2\/pages\/5070"}],"collection":[{"href":"http:\/\/www.vcelarskyspolek.cz\/index.php?rest_route=\/wp\/v2\/pages"}],"about":[{"href":"http:\/\/www.vcelarskyspolek.cz\/index.php?rest_route=\/wp\/v2\/types\/page"}],"author":[{"embeddable":true,"href":"http:\/\/www.vcelarskyspolek.cz\/index.php?rest_route=\/wp\/v2\/users\/1"}],"replies":[{"embeddable":true,"href":"http:\/\/www.vcelarskyspolek.cz\/index.php?rest_route=%2Fwp%2Fv2%2Fcomments&post=5070"}],"version-history":[{"count":1,"href":"http:\/\/www.vcelarskyspolek.cz\/index.php?rest_route=\/wp\/v2\/pages\/5070\/revisions"}],"predecessor-version":[{"id":5093,"href":"http:\/\/www.vcelarskyspolek.cz\/index.php?rest_route=\/wp\/v2\/pages\/5070\/revisions\/5093"}],"up":[{"embeddable":true,"href":"http:\/\/www.vcelarskyspolek.cz\/index.php?rest_route=\/wp\/v2\/pages\/20"}],"wp:attachment":[{"href":"http:\/\/www.vcelarskyspolek.cz\/index.php?rest_route=%2Fwp%2Fv2%2Fmedia&parent=5070"}],"curies":[{"name":"wp","href":"https:\/\/api.w.org\/{rel}","templated":true}]}}