{"id":3450,"date":"2016-06-12T13:20:09","date_gmt":"2016-06-12T12:20:09","guid":{"rendered":"http:\/\/www.vcelarskyspolek.cz\/vzpominka-na-pepu-hejduka-3\/"},"modified":"2016-06-12T13:20:09","modified_gmt":"2016-06-12T12:20:09","slug":"vzpominka-na-pepu-hejduka-3","status":"publish","type":"page","link":"http:\/\/www.vcelarskyspolek.cz\/?page_id=3450","title":{"rendered":"Vzpom\u00ednka na Pepu Hejduka"},"content":{"rendered":"<!-- index.php -->\n<div\n\tclass=\"ngg-galleryoverview\"\n\tid=\"ngg-gallery-0a32bc7d7f1213d2f56d46d06390270b-1\">\n\n    \t\t<!-- Thumbnails -->\n\t\t\t\t<div id=\"ngg-image-0\" class=\"ngg-gallery-thumbnail-box\" >\n\t\t\t\t        <div class=\"ngg-gallery-thumbnail\">\n            <a href=\"http:\/\/www.vcelarskyspolek.cz\/wp-content\/gallery\/Vzpom%C3%ADnka-na-Pepu-Hejduka\/00-P1050577.JPG\"\n               title=\"\"\n               data-src=\"http:\/\/www.vcelarskyspolek.cz\/wp-content\/gallery\/Vzpom%C3%ADnka-na-Pepu-Hejduka\/00-P1050577.JPG\"\n               data-thumbnail=\"http:\/\/www.vcelarskyspolek.cz\/wp-content\/gallery\/Vzpom%C3%ADnka-na-Pepu-Hejduka\/thumbs\/thumbs_00-P1050577.JPG\"\n               data-image-id=\"1297\"\n               data-title=\"00-P1050577\"\n               data-description=\"\"\n               data-image-slug=\"00-p1050577\"\n               class=\"ngg-fancybox\" rel=\"0a32bc7d7f1213d2f56d46d06390270b\">\n                <img\n                    title=\"00-P1050577\"\n                    alt=\"00-P1050577\"\n                    src=\"http:\/\/www.vcelarskyspolek.cz\/wp-content\/gallery\/Vzpom%C3%ADnka-na-Pepu-Hejduka\/thumbs\/thumbs_00-P1050577.JPG\"\n                    width=\"120\"\n                    height=\"90\"\n                    style=\"max-width:100%;\"\n                \/>\n            <\/a>\n        <\/div>\n\t\t\t\t\t\t\t<\/div> \n\t\t\t\n        \n\t\t\t\t<div id=\"ngg-image-1\" class=\"ngg-gallery-thumbnail-box\" >\n\t\t\t\t        <div class=\"ngg-gallery-thumbnail\">\n            <a href=\"http:\/\/www.vcelarskyspolek.cz\/wp-content\/gallery\/Vzpom%C3%ADnka-na-Pepu-Hejduka\/01-P1000341.JPG\"\n               title=\"\"\n               data-src=\"http:\/\/www.vcelarskyspolek.cz\/wp-content\/gallery\/Vzpom%C3%ADnka-na-Pepu-Hejduka\/01-P1000341.JPG\"\n               data-thumbnail=\"http:\/\/www.vcelarskyspolek.cz\/wp-content\/gallery\/Vzpom%C3%ADnka-na-Pepu-Hejduka\/thumbs\/thumbs_01-P1000341.JPG\"\n               data-image-id=\"1298\"\n               data-title=\"01-P1000341\"\n               data-description=\"\"\n               data-image-slug=\"01-p1000341\"\n               class=\"ngg-fancybox\" rel=\"0a32bc7d7f1213d2f56d46d06390270b\">\n                <img\n                    title=\"01-P1000341\"\n                    alt=\"01-P1000341\"\n                    src=\"http:\/\/www.vcelarskyspolek.cz\/wp-content\/gallery\/Vzpom%C3%ADnka-na-Pepu-Hejduka\/thumbs\/thumbs_01-P1000341.JPG\"\n                    width=\"120\"\n                    height=\"90\"\n                    style=\"max-width:100%;\"\n                \/>\n            <\/a>\n        <\/div>\n\t\t\t\t\t\t\t<\/div> \n\t\t\t\n        \n\t\t\t\t<div id=\"ngg-image-2\" class=\"ngg-gallery-thumbnail-box\" >\n\t\t\t\t        <div class=\"ngg-gallery-thumbnail\">\n            <a href=\"http:\/\/www.vcelarskyspolek.cz\/wp-content\/gallery\/Vzpom%C3%ADnka-na-Pepu-Hejduka\/02-P1000373.JPG\"\n               title=\"\"\n               data-src=\"http:\/\/www.vcelarskyspolek.cz\/wp-content\/gallery\/Vzpom%C3%ADnka-na-Pepu-Hejduka\/02-P1000373.JPG\"\n               data-thumbnail=\"http:\/\/www.vcelarskyspolek.cz\/wp-content\/gallery\/Vzpom%C3%ADnka-na-Pepu-Hejduka\/thumbs\/thumbs_02-P1000373.JPG\"\n               data-image-id=\"1299\"\n               data-title=\"02-P1000373\"\n               data-description=\"\"\n               data-image-slug=\"02-p1000373\"\n               class=\"ngg-fancybox\" rel=\"0a32bc7d7f1213d2f56d46d06390270b\">\n                <img\n                    title=\"02-P1000373\"\n                    alt=\"02-P1000373\"\n                    src=\"http:\/\/www.vcelarskyspolek.cz\/wp-content\/gallery\/Vzpom%C3%ADnka-na-Pepu-Hejduka\/thumbs\/thumbs_02-P1000373.JPG\"\n                    width=\"120\"\n                    height=\"90\"\n                    style=\"max-width:100%;\"\n                \/>\n            <\/a>\n        <\/div>\n\t\t\t\t\t\t\t<\/div> \n\t\t\t\n        \n\t\t\t\t<div id=\"ngg-image-3\" class=\"ngg-gallery-thumbnail-box\" >\n\t\t\t\t        <div class=\"ngg-gallery-thumbnail\">\n            <a href=\"http:\/\/www.vcelarskyspolek.cz\/wp-content\/gallery\/Vzpom%C3%ADnka-na-Pepu-Hejduka\/03-P1000375.JPG\"\n               title=\"\"\n               data-src=\"http:\/\/www.vcelarskyspolek.cz\/wp-content\/gallery\/Vzpom%C3%ADnka-na-Pepu-Hejduka\/03-P1000375.JPG\"\n               data-thumbnail=\"http:\/\/www.vcelarskyspolek.cz\/wp-content\/gallery\/Vzpom%C3%ADnka-na-Pepu-Hejduka\/thumbs\/thumbs_03-P1000375.JPG\"\n               data-image-id=\"1300\"\n               data-title=\"03-P1000375\"\n               data-description=\"\"\n               data-image-slug=\"03-p1000375\"\n               class=\"ngg-fancybox\" rel=\"0a32bc7d7f1213d2f56d46d06390270b\">\n                <img\n                    title=\"03-P1000375\"\n                    alt=\"03-P1000375\"\n                    src=\"http:\/\/www.vcelarskyspolek.cz\/wp-content\/gallery\/Vzpom%C3%ADnka-na-Pepu-Hejduka\/thumbs\/thumbs_03-P1000375.JPG\"\n                    width=\"120\"\n                    height=\"90\"\n                    style=\"max-width:100%;\"\n                \/>\n            <\/a>\n        <\/div>\n\t\t\t\t\t\t\t<\/div> \n\t\t\t\n        \n\t\t\t\t<div id=\"ngg-image-4\" class=\"ngg-gallery-thumbnail-box\" >\n\t\t\t\t        <div class=\"ngg-gallery-thumbnail\">\n            <a href=\"http:\/\/www.vcelarskyspolek.cz\/wp-content\/gallery\/Vzpom%C3%ADnka-na-Pepu-Hejduka\/04-P1000377.JPG\"\n               title=\"\"\n               data-src=\"http:\/\/www.vcelarskyspolek.cz\/wp-content\/gallery\/Vzpom%C3%ADnka-na-Pepu-Hejduka\/04-P1000377.JPG\"\n               data-thumbnail=\"http:\/\/www.vcelarskyspolek.cz\/wp-content\/gallery\/Vzpom%C3%ADnka-na-Pepu-Hejduka\/thumbs\/thumbs_04-P1000377.JPG\"\n               data-image-id=\"1301\"\n               data-title=\"04-P1000377\"\n               data-description=\"\"\n               data-image-slug=\"04-p1000377\"\n               class=\"ngg-fancybox\" rel=\"0a32bc7d7f1213d2f56d46d06390270b\">\n                <img\n                    title=\"04-P1000377\"\n                    alt=\"04-P1000377\"\n                    src=\"http:\/\/www.vcelarskyspolek.cz\/wp-content\/gallery\/Vzpom%C3%ADnka-na-Pepu-Hejduka\/thumbs\/thumbs_04-P1000377.JPG\"\n                    width=\"120\"\n                    height=\"90\"\n                    style=\"max-width:100%;\"\n                \/>\n            <\/a>\n        <\/div>\n\t\t\t\t\t\t\t<\/div> \n\t\t\t\n        \n\t\t\t\t<div id=\"ngg-image-5\" class=\"ngg-gallery-thumbnail-box\" >\n\t\t\t\t        <div class=\"ngg-gallery-thumbnail\">\n            <a href=\"http:\/\/www.vcelarskyspolek.cz\/wp-content\/gallery\/Vzpom%C3%ADnka-na-Pepu-Hejduka\/05-P1000382.JPG\"\n               title=\"\"\n               data-src=\"http:\/\/www.vcelarskyspolek.cz\/wp-content\/gallery\/Vzpom%C3%ADnka-na-Pepu-Hejduka\/05-P1000382.JPG\"\n               data-thumbnail=\"http:\/\/www.vcelarskyspolek.cz\/wp-content\/gallery\/Vzpom%C3%ADnka-na-Pepu-Hejduka\/thumbs\/thumbs_05-P1000382.JPG\"\n               data-image-id=\"1302\"\n               data-title=\"05-P1000382\"\n               data-description=\"\"\n               data-image-slug=\"05-p1000382\"\n               class=\"ngg-fancybox\" rel=\"0a32bc7d7f1213d2f56d46d06390270b\">\n                <img\n                    title=\"05-P1000382\"\n                    alt=\"05-P1000382\"\n                    src=\"http:\/\/www.vcelarskyspolek.cz\/wp-content\/gallery\/Vzpom%C3%ADnka-na-Pepu-Hejduka\/thumbs\/thumbs_05-P1000382.JPG\"\n                    width=\"120\"\n                    height=\"90\"\n                    style=\"max-width:100%;\"\n                \/>\n            <\/a>\n        <\/div>\n\t\t\t\t\t\t\t<\/div> \n\t\t\t\n        \n\t\t\t\t<div id=\"ngg-image-6\" class=\"ngg-gallery-thumbnail-box\" >\n\t\t\t\t        <div class=\"ngg-gallery-thumbnail\">\n            <a href=\"http:\/\/www.vcelarskyspolek.cz\/wp-content\/gallery\/Vzpom%C3%ADnka-na-Pepu-Hejduka\/06-P1000386.JPG\"\n               title=\"\"\n               data-src=\"http:\/\/www.vcelarskyspolek.cz\/wp-content\/gallery\/Vzpom%C3%ADnka-na-Pepu-Hejduka\/06-P1000386.JPG\"\n               data-thumbnail=\"http:\/\/www.vcelarskyspolek.cz\/wp-content\/gallery\/Vzpom%C3%ADnka-na-Pepu-Hejduka\/thumbs\/thumbs_06-P1000386.JPG\"\n               data-image-id=\"1303\"\n               data-title=\"06-P1000386\"\n               data-description=\"\"\n               data-image-slug=\"06-p1000386\"\n               class=\"ngg-fancybox\" rel=\"0a32bc7d7f1213d2f56d46d06390270b\">\n                <img\n                    title=\"06-P1000386\"\n                    alt=\"06-P1000386\"\n                    src=\"http:\/\/www.vcelarskyspolek.cz\/wp-content\/gallery\/Vzpom%C3%ADnka-na-Pepu-Hejduka\/thumbs\/thumbs_06-P1000386.JPG\"\n                    width=\"120\"\n                    height=\"90\"\n                    style=\"max-width:100%;\"\n                \/>\n            <\/a>\n        <\/div>\n\t\t\t\t\t\t\t<\/div> \n\t\t\t\n        \n\t\t\t\t<div id=\"ngg-image-7\" class=\"ngg-gallery-thumbnail-box\" >\n\t\t\t\t        <div class=\"ngg-gallery-thumbnail\">\n            <a href=\"http:\/\/www.vcelarskyspolek.cz\/wp-content\/gallery\/Vzpom%C3%ADnka-na-Pepu-Hejduka\/07-P1000392.JPG\"\n               title=\"\"\n               data-src=\"http:\/\/www.vcelarskyspolek.cz\/wp-content\/gallery\/Vzpom%C3%ADnka-na-Pepu-Hejduka\/07-P1000392.JPG\"\n               data-thumbnail=\"http:\/\/www.vcelarskyspolek.cz\/wp-content\/gallery\/Vzpom%C3%ADnka-na-Pepu-Hejduka\/thumbs\/thumbs_07-P1000392.JPG\"\n               data-image-id=\"1304\"\n               data-title=\"07-P1000392\"\n               data-description=\"\"\n               data-image-slug=\"07-p1000392\"\n               class=\"ngg-fancybox\" rel=\"0a32bc7d7f1213d2f56d46d06390270b\">\n                <img\n                    title=\"07-P1000392\"\n                    alt=\"07-P1000392\"\n                    src=\"http:\/\/www.vcelarskyspolek.cz\/wp-content\/gallery\/Vzpom%C3%ADnka-na-Pepu-Hejduka\/thumbs\/thumbs_07-P1000392.JPG\"\n                    width=\"120\"\n                    height=\"90\"\n                    style=\"max-width:100%;\"\n                \/>\n            <\/a>\n        <\/div>\n\t\t\t\t\t\t\t<\/div> \n\t\t\t\n        \n\t\t\t\t<div id=\"ngg-image-8\" class=\"ngg-gallery-thumbnail-box\" >\n\t\t\t\t        <div class=\"ngg-gallery-thumbnail\">\n            <a href=\"http:\/\/www.vcelarskyspolek.cz\/wp-content\/gallery\/Vzpom%C3%ADnka-na-Pepu-Hejduka\/08-P1000393.JPG\"\n               title=\"\"\n               data-src=\"http:\/\/www.vcelarskyspolek.cz\/wp-content\/gallery\/Vzpom%C3%ADnka-na-Pepu-Hejduka\/08-P1000393.JPG\"\n               data-thumbnail=\"http:\/\/www.vcelarskyspolek.cz\/wp-content\/gallery\/Vzpom%C3%ADnka-na-Pepu-Hejduka\/thumbs\/thumbs_08-P1000393.JPG\"\n               data-image-id=\"1305\"\n               data-title=\"08-P1000393\"\n               data-description=\"\"\n               data-image-slug=\"08-p1000393\"\n               class=\"ngg-fancybox\" rel=\"0a32bc7d7f1213d2f56d46d06390270b\">\n                <img\n                    title=\"08-P1000393\"\n                    alt=\"08-P1000393\"\n                    src=\"http:\/\/www.vcelarskyspolek.cz\/wp-content\/gallery\/Vzpom%C3%ADnka-na-Pepu-Hejduka\/thumbs\/thumbs_08-P1000393.JPG\"\n                    width=\"120\"\n                    height=\"90\"\n                    style=\"max-width:100%;\"\n                \/>\n            <\/a>\n        <\/div>\n\t\t\t\t\t\t\t<\/div> \n\t\t\t\n        \n\t\t\t\t<div id=\"ngg-image-9\" class=\"ngg-gallery-thumbnail-box\" >\n\t\t\t\t        <div class=\"ngg-gallery-thumbnail\">\n            <a href=\"http:\/\/www.vcelarskyspolek.cz\/wp-content\/gallery\/Vzpom%C3%ADnka-na-Pepu-Hejduka\/09-P1040266.JPG\"\n               title=\"\"\n               data-src=\"http:\/\/www.vcelarskyspolek.cz\/wp-content\/gallery\/Vzpom%C3%ADnka-na-Pepu-Hejduka\/09-P1040266.JPG\"\n               data-thumbnail=\"http:\/\/www.vcelarskyspolek.cz\/wp-content\/gallery\/Vzpom%C3%ADnka-na-Pepu-Hejduka\/thumbs\/thumbs_09-P1040266.JPG\"\n               data-image-id=\"1306\"\n               data-title=\"09-P1040266\"\n               data-description=\"\"\n               data-image-slug=\"09-p1040266\"\n               class=\"ngg-fancybox\" rel=\"0a32bc7d7f1213d2f56d46d06390270b\">\n                <img\n                    title=\"09-P1040266\"\n                    alt=\"09-P1040266\"\n                    src=\"http:\/\/www.vcelarskyspolek.cz\/wp-content\/gallery\/Vzpom%C3%ADnka-na-Pepu-Hejduka\/thumbs\/thumbs_09-P1040266.JPG\"\n                    width=\"120\"\n                    height=\"90\"\n                    style=\"max-width:100%;\"\n                \/>\n            <\/a>\n        <\/div>\n\t\t\t\t\t\t\t<\/div> \n\t\t\t\n        \n\t\t\t\t<div id=\"ngg-image-10\" class=\"ngg-gallery-thumbnail-box\" >\n\t\t\t\t        <div class=\"ngg-gallery-thumbnail\">\n            <a href=\"http:\/\/www.vcelarskyspolek.cz\/wp-content\/gallery\/Vzpom%C3%ADnka-na-Pepu-Hejduka\/10-P1030464.JPG\"\n               title=\"\"\n               data-src=\"http:\/\/www.vcelarskyspolek.cz\/wp-content\/gallery\/Vzpom%C3%ADnka-na-Pepu-Hejduka\/10-P1030464.JPG\"\n               data-thumbnail=\"http:\/\/www.vcelarskyspolek.cz\/wp-content\/gallery\/Vzpom%C3%ADnka-na-Pepu-Hejduka\/thumbs\/thumbs_10-P1030464.JPG\"\n               data-image-id=\"1307\"\n               data-title=\"10-P1030464\"\n               data-description=\"\"\n               data-image-slug=\"10-p1030464\"\n               class=\"ngg-fancybox\" rel=\"0a32bc7d7f1213d2f56d46d06390270b\">\n                <img\n                    title=\"10-P1030464\"\n                    alt=\"10-P1030464\"\n                    src=\"http:\/\/www.vcelarskyspolek.cz\/wp-content\/gallery\/Vzpom%C3%ADnka-na-Pepu-Hejduka\/thumbs\/thumbs_10-P1030464.JPG\"\n                    width=\"120\"\n                    height=\"90\"\n                    style=\"max-width:100%;\"\n                \/>\n            <\/a>\n        <\/div>\n\t\t\t\t\t\t\t<\/div> \n\t\t\t\n        \n\t\t\t\t<div id=\"ngg-image-11\" class=\"ngg-gallery-thumbnail-box\" >\n\t\t\t\t        <div class=\"ngg-gallery-thumbnail\">\n            <a href=\"http:\/\/www.vcelarskyspolek.cz\/wp-content\/gallery\/Vzpom%C3%ADnka-na-Pepu-Hejduka\/11-P1020432-001.JPG\"\n               title=\"\"\n               data-src=\"http:\/\/www.vcelarskyspolek.cz\/wp-content\/gallery\/Vzpom%C3%ADnka-na-Pepu-Hejduka\/11-P1020432-001.JPG\"\n               data-thumbnail=\"http:\/\/www.vcelarskyspolek.cz\/wp-content\/gallery\/Vzpom%C3%ADnka-na-Pepu-Hejduka\/thumbs\/thumbs_11-P1020432-001.JPG\"\n               data-image-id=\"1308\"\n               data-title=\"11-P1020432-001\"\n               data-description=\"\"\n               data-image-slug=\"11-p1020432-001\"\n               class=\"ngg-fancybox\" rel=\"0a32bc7d7f1213d2f56d46d06390270b\">\n                <img\n                    title=\"11-P1020432-001\"\n                    alt=\"11-P1020432-001\"\n                    src=\"http:\/\/www.vcelarskyspolek.cz\/wp-content\/gallery\/Vzpom%C3%ADnka-na-Pepu-Hejduka\/thumbs\/thumbs_11-P1020432-001.JPG\"\n                    width=\"120\"\n                    height=\"90\"\n                    style=\"max-width:100%;\"\n                \/>\n            <\/a>\n        <\/div>\n\t\t\t\t\t\t\t<\/div> \n\t\t\t\n        \n\t\t\t\t<div id=\"ngg-image-12\" class=\"ngg-gallery-thumbnail-box\" >\n\t\t\t\t        <div class=\"ngg-gallery-thumbnail\">\n            <a href=\"http:\/\/www.vcelarskyspolek.cz\/wp-content\/gallery\/Vzpom%C3%ADnka-na-Pepu-Hejduka\/12-P1020435.JPG\"\n               title=\"\"\n               data-src=\"http:\/\/www.vcelarskyspolek.cz\/wp-content\/gallery\/Vzpom%C3%ADnka-na-Pepu-Hejduka\/12-P1020435.JPG\"\n               data-thumbnail=\"http:\/\/www.vcelarskyspolek.cz\/wp-content\/gallery\/Vzpom%C3%ADnka-na-Pepu-Hejduka\/thumbs\/thumbs_12-P1020435.JPG\"\n               data-image-id=\"1309\"\n               data-title=\"12-P1020435\"\n               data-description=\"\"\n               data-image-slug=\"12-p1020435\"\n               class=\"ngg-fancybox\" rel=\"0a32bc7d7f1213d2f56d46d06390270b\">\n                <img\n                    title=\"12-P1020435\"\n                    alt=\"12-P1020435\"\n                    src=\"http:\/\/www.vcelarskyspolek.cz\/wp-content\/gallery\/Vzpom%C3%ADnka-na-Pepu-Hejduka\/thumbs\/thumbs_12-P1020435.JPG\"\n                    width=\"120\"\n                    height=\"90\"\n                    style=\"max-width:100%;\"\n                \/>\n            <\/a>\n        <\/div>\n\t\t\t\t\t\t\t<\/div> \n\t\t\t\n        \n\t\t\t\t<div id=\"ngg-image-13\" class=\"ngg-gallery-thumbnail-box\" >\n\t\t\t\t        <div class=\"ngg-gallery-thumbnail\">\n            <a href=\"http:\/\/www.vcelarskyspolek.cz\/wp-content\/gallery\/Vzpom%C3%ADnka-na-Pepu-Hejduka\/13-P1020436.JPG\"\n               title=\"\"\n               data-src=\"http:\/\/www.vcelarskyspolek.cz\/wp-content\/gallery\/Vzpom%C3%ADnka-na-Pepu-Hejduka\/13-P1020436.JPG\"\n               data-thumbnail=\"http:\/\/www.vcelarskyspolek.cz\/wp-content\/gallery\/Vzpom%C3%ADnka-na-Pepu-Hejduka\/thumbs\/thumbs_13-P1020436.JPG\"\n               data-image-id=\"1310\"\n               data-title=\"13-P1020436\"\n               data-description=\"\"\n               data-image-slug=\"13-p1020436\"\n               class=\"ngg-fancybox\" rel=\"0a32bc7d7f1213d2f56d46d06390270b\">\n                <img\n                    title=\"13-P1020436\"\n                    alt=\"13-P1020436\"\n                    src=\"http:\/\/www.vcelarskyspolek.cz\/wp-content\/gallery\/Vzpom%C3%ADnka-na-Pepu-Hejduka\/thumbs\/thumbs_13-P1020436.JPG\"\n                    width=\"120\"\n                    height=\"90\"\n                    style=\"max-width:100%;\"\n                \/>\n            <\/a>\n        <\/div>\n\t\t\t\t\t\t\t<\/div> \n\t\t\t\n        \n\t\t\n\t\t<div class=\"ngg-clear\"><\/div>\n\t<\/div>\n\n","protected":false},"excerpt":{"rendered":"","protected":false},"author":3,"featured_media":0,"parent":0,"menu_order":0,"comment_status":"closed","ping_status":"closed","template":"","meta":{"ngg_post_thumbnail":0},"yoast_head":"<!-- This site is optimized with the Yoast SEO plugin v19.13-RC1 - https:\/\/yoast.com\/wordpress\/plugins\/seo\/ -->\n<title>Vzpom\u00ednka na Pepu Hejduka - V\u010cELA\u0158I Lomnice nad Popelkou<\/title>\n<meta name=\"robots\" content=\"index, follow, max-snippet:-1, max-image-preview:large, max-video-preview:-1\" \/>\n<link rel=\"canonical\" href=\"http:\/\/www.vcelarskyspolek.cz\/?page_id=3450\" \/>\n<meta property=\"og:locale\" content=\"cs_CZ\" \/>\n<meta property=\"og:type\" content=\"article\" \/>\n<meta property=\"og:title\" content=\"Vzpom\u00ednka na Pepu Hejduka - V\u010cELA\u0158I Lomnice nad Popelkou\" \/>\n<meta property=\"og:url\" content=\"http:\/\/www.vcelarskyspolek.cz\/?page_id=3450\" \/>\n<meta property=\"og:site_name\" content=\"V\u010cELA\u0158I Lomnice nad Popelkou\" \/>\n<meta name=\"twitter:card\" content=\"summary_large_image\" \/>\n<script type=\"application\/ld+json\" class=\"yoast-schema-graph\">{\"@context\":\"https:\/\/schema.org\",\"@graph\":[{\"@type\":\"WebPage\",\"@id\":\"http:\/\/www.vcelarskyspolek.cz\/?page_id=3450\",\"url\":\"http:\/\/www.vcelarskyspolek.cz\/?page_id=3450\",\"name\":\"Vzpom\u00ednka na Pepu Hejduka - V\u010cELA\u0158I Lomnice nad Popelkou\",\"isPartOf\":{\"@id\":\"https:\/\/www.vcelarskyspolek.cz\/#website\"},\"datePublished\":\"2016-06-12T12:20:09+00:00\",\"dateModified\":\"2016-06-12T12:20:09+00:00\",\"breadcrumb\":{\"@id\":\"http:\/\/www.vcelarskyspolek.cz\/?page_id=3450#breadcrumb\"},\"inLanguage\":\"cs\",\"potentialAction\":[{\"@type\":\"ReadAction\",\"target\":[\"http:\/\/www.vcelarskyspolek.cz\/?page_id=3450\"]}]},{\"@type\":\"BreadcrumbList\",\"@id\":\"http:\/\/www.vcelarskyspolek.cz\/?page_id=3450#breadcrumb\",\"itemListElement\":[{\"@type\":\"ListItem\",\"position\":1,\"name\":\"Dom\u016f\",\"item\":\"https:\/\/www.vcelarskyspolek.cz\/\"},{\"@type\":\"ListItem\",\"position\":2,\"name\":\"Vzpom\u00ednka na Pepu Hejduka\"}]},{\"@type\":\"WebSite\",\"@id\":\"https:\/\/www.vcelarskyspolek.cz\/#website\",\"url\":\"https:\/\/www.vcelarskyspolek.cz\/\",\"name\":\"V\u010cELA\u0158I Lomnice nad Popelkou\",\"description\":\"\",\"potentialAction\":[{\"@type\":\"SearchAction\",\"target\":{\"@type\":\"EntryPoint\",\"urlTemplate\":\"https:\/\/www.vcelarskyspolek.cz\/?s={search_term_string}\"},\"query-input\":\"required name=search_term_string\"}],\"inLanguage\":\"cs\"}]}<\/script>\n<!-- \/ Yoast SEO plugin. -->","yoast_head_json":{"title":"Vzpom\u00ednka na Pepu Hejduka - V\u010cELA\u0158I Lomnice nad Popelkou","robots":{"index":"index","follow":"follow","max-snippet":"max-snippet:-1","max-image-preview":"max-image-preview:large","max-video-preview":"max-video-preview:-1"},"canonical":"http:\/\/www.vcelarskyspolek.cz\/?page_id=3450","og_locale":"cs_CZ","og_type":"article","og_title":"Vzpom\u00ednka na Pepu Hejduka - V\u010cELA\u0158I Lomnice nad Popelkou","og_url":"http:\/\/www.vcelarskyspolek.cz\/?page_id=3450","og_site_name":"V\u010cELA\u0158I Lomnice nad Popelkou","twitter_card":"summary_large_image","schema":{"@context":"https:\/\/schema.org","@graph":[{"@type":"WebPage","@id":"http:\/\/www.vcelarskyspolek.cz\/?page_id=3450","url":"http:\/\/www.vcelarskyspolek.cz\/?page_id=3450","name":"Vzpom\u00ednka na Pepu Hejduka - V\u010cELA\u0158I Lomnice nad Popelkou","isPartOf":{"@id":"https:\/\/www.vcelarskyspolek.cz\/#website"},"datePublished":"2016-06-12T12:20:09+00:00","dateModified":"2016-06-12T12:20:09+00:00","breadcrumb":{"@id":"http:\/\/www.vcelarskyspolek.cz\/?page_id=3450#breadcrumb"},"inLanguage":"cs","potentialAction":[{"@type":"ReadAction","target":["http:\/\/www.vcelarskyspolek.cz\/?page_id=3450"]}]},{"@type":"BreadcrumbList","@id":"http:\/\/www.vcelarskyspolek.cz\/?page_id=3450#breadcrumb","itemListElement":[{"@type":"ListItem","position":1,"name":"Dom\u016f","item":"https:\/\/www.vcelarskyspolek.cz\/"},{"@type":"ListItem","position":2,"name":"Vzpom\u00ednka na Pepu Hejduka"}]},{"@type":"WebSite","@id":"https:\/\/www.vcelarskyspolek.cz\/#website","url":"https:\/\/www.vcelarskyspolek.cz\/","name":"V\u010cELA\u0158I Lomnice nad Popelkou","description":"","potentialAction":[{"@type":"SearchAction","target":{"@type":"EntryPoint","urlTemplate":"https:\/\/www.vcelarskyspolek.cz\/?s={search_term_string}"},"query-input":"required name=search_term_string"}],"inLanguage":"cs"}]}},"_links":{"self":[{"href":"http:\/\/www.vcelarskyspolek.cz\/index.php?rest_route=\/wp\/v2\/pages\/3450"}],"collection":[{"href":"http:\/\/www.vcelarskyspolek.cz\/index.php?rest_route=\/wp\/v2\/pages"}],"about":[{"href":"http:\/\/www.vcelarskyspolek.cz\/index.php?rest_route=\/wp\/v2\/types\/page"}],"author":[{"embeddable":true,"href":"http:\/\/www.vcelarskyspolek.cz\/index.php?rest_route=\/wp\/v2\/users\/3"}],"replies":[{"embeddable":true,"href":"http:\/\/www.vcelarskyspolek.cz\/index.php?rest_route=%2Fwp%2Fv2%2Fcomments&post=3450"}],"version-history":[{"count":0,"href":"http:\/\/www.vcelarskyspolek.cz\/index.php?rest_route=\/wp\/v2\/pages\/3450\/revisions"}],"wp:attachment":[{"href":"http:\/\/www.vcelarskyspolek.cz\/index.php?rest_route=%2Fwp%2Fv2%2Fmedia&parent=3450"}],"curies":[{"name":"wp","href":"https:\/\/api.w.org\/{rel}","templated":true}]}}