{"id":22,"date":"2015-01-10T19:42:22","date_gmt":"2015-01-10T19:42:22","guid":{"rendered":"http:\/\/bee02.moox.cz\/?page_id=22"},"modified":"2015-09-01T19:35:48","modified_gmt":"2015-09-01T18:35:48","slug":"historie","status":"publish","type":"page","link":"http:\/\/www.vcelarskyspolek.cz\/?page_id=22","title":{"rendered":"Historie"},"content":{"rendered":"<p>&nbsp;<\/p>\n<h4><a href=\"http:\/\/www.vcelarskyspolek.cz\/wp-content\/uploads\/2015\/01\/Historie-Lomnickeho-spolku-vcelaru.pdf\" class=\"mtli_attachment mtli_pdf\" data-mtli=\"mtli_filesize3,12MB\">HISTORIE V\u010cELA\u0158SK\u00c9HO SPOLKU V Lomnici Nad Popelkou<\/a><\/h4>\n<h3>\u010cl\u00e1nky odjinud<\/h3>\n<ul>\n<li>\n<h5><a href=\"http:\/\/www.muzeumlomnice.cz\/2012\/08\/120-let-organizovaneho-vcelarstvi-na-lomnicku\/\">120 let organizovan\u00e9ho v\u010dela\u0159stv\u00ed na Lomnicku<\/a><\/h5>\n<\/li>\n<li>\n<h5><a href=\"http:\/\/www.nasepojizeri.cz\/semilsko-aktualne\/foto-v-mestskem-muzeu-a-galerii-v-lomnici-pripominaji-mistni-vcelare\/?aktualitaId=20457\">V M\u011bstsk\u00e9m muzeu a galerii v Lomnici p\u0159ipom\u00ednaj\u00ed m\u00edstn\u00ed v\u010dela\u0159e<\/a><\/h5>\n<\/li>\n<\/ul>\n<style type=\"text\/css\">a[data-mtli~=\"mtli_filesize3,12MB\"]:after {content:\" (3,12 MB)\"}<\/style>","protected":false},"excerpt":{"rendered":"<p>&nbsp; HISTORIE V\u010cELA\u0158SK\u00c9HO SPOLKU V Lomnici Nad Popelkou \u010cl\u00e1nky odjinud 120 let organizovan\u00e9ho v\u010dela\u0159stv\u00ed na Lomnicku V M\u011bstsk\u00e9m muzeu a galerii v Lomnici p\u0159ipom\u00ednaj\u00ed m\u00edstn\u00ed v\u010dela\u0159e<\/p>\n","protected":false},"author":2,"featured_media":0,"parent":0,"menu_order":0,"comment_status":"closed","ping_status":"closed","template":"","meta":{"ngg_post_thumbnail":0},"yoast_head":"<!-- This site is optimized with the Yoast SEO plugin v19.13-RC1 - https:\/\/yoast.com\/wordpress\/plugins\/seo\/ -->\n<title>Historie - V\u010cELA\u0158I Lomnice nad Popelkou<\/title>\n<meta name=\"robots\" content=\"index, follow, max-snippet:-1, max-image-preview:large, max-video-preview:-1\" \/>\n<link rel=\"canonical\" href=\"http:\/\/www.vcelarskyspolek.cz\/?page_id=22\" \/>\n<meta property=\"og:locale\" content=\"cs_CZ\" \/>\n<meta property=\"og:type\" content=\"article\" \/>\n<meta property=\"og:title\" content=\"Historie - V\u010cELA\u0158I Lomnice nad Popelkou\" \/>\n<meta property=\"og:description\" content=\"&nbsp; HISTORIE V\u010cELA\u0158SK\u00c9HO SPOLKU V Lomnici Nad Popelkou \u010cl\u00e1nky odjinud 120 let organizovan\u00e9ho v\u010dela\u0159stv\u00ed na Lomnicku V M\u011bstsk\u00e9m muzeu a galerii v Lomnici p\u0159ipom\u00ednaj\u00ed m\u00edstn\u00ed v\u010dela\u0159e\" \/>\n<meta property=\"og:url\" content=\"http:\/\/www.vcelarskyspolek.cz\/?page_id=22\" \/>\n<meta property=\"og:site_name\" content=\"V\u010cELA\u0158I Lomnice nad Popelkou\" \/>\n<meta property=\"article:modified_time\" content=\"2015-09-01T18:35:48+00:00\" \/>\n<meta name=\"twitter:card\" content=\"summary_large_image\" \/>\n<script type=\"application\/ld+json\" class=\"yoast-schema-graph\">{\"@context\":\"https:\/\/schema.org\",\"@graph\":[{\"@type\":\"WebPage\",\"@id\":\"http:\/\/www.vcelarskyspolek.cz\/?page_id=22\",\"url\":\"http:\/\/www.vcelarskyspolek.cz\/?page_id=22\",\"name\":\"Historie - V\u010cELA\u0158I Lomnice nad Popelkou\",\"isPartOf\":{\"@id\":\"https:\/\/www.vcelarskyspolek.cz\/#website\"},\"datePublished\":\"2015-01-10T19:42:22+00:00\",\"dateModified\":\"2015-09-01T18:35:48+00:00\",\"breadcrumb\":{\"@id\":\"http:\/\/www.vcelarskyspolek.cz\/?page_id=22#breadcrumb\"},\"inLanguage\":\"cs\",\"potentialAction\":[{\"@type\":\"ReadAction\",\"target\":[\"http:\/\/www.vcelarskyspolek.cz\/?page_id=22\"]}]},{\"@type\":\"BreadcrumbList\",\"@id\":\"http:\/\/www.vcelarskyspolek.cz\/?page_id=22#breadcrumb\",\"itemListElement\":[{\"@type\":\"ListItem\",\"position\":1,\"name\":\"Dom\u016f\",\"item\":\"https:\/\/www.vcelarskyspolek.cz\/\"},{\"@type\":\"ListItem\",\"position\":2,\"name\":\"Historie\"}]},{\"@type\":\"WebSite\",\"@id\":\"https:\/\/www.vcelarskyspolek.cz\/#website\",\"url\":\"https:\/\/www.vcelarskyspolek.cz\/\",\"name\":\"V\u010cELA\u0158I Lomnice nad Popelkou\",\"description\":\"\",\"potentialAction\":[{\"@type\":\"SearchAction\",\"target\":{\"@type\":\"EntryPoint\",\"urlTemplate\":\"https:\/\/www.vcelarskyspolek.cz\/?s={search_term_string}\"},\"query-input\":\"required name=search_term_string\"}],\"inLanguage\":\"cs\"}]}<\/script>\n<!-- \/ Yoast SEO plugin. -->","yoast_head_json":{"title":"Historie - V\u010cELA\u0158I Lomnice nad Popelkou","robots":{"index":"index","follow":"follow","max-snippet":"max-snippet:-1","max-image-preview":"max-image-preview:large","max-video-preview":"max-video-preview:-1"},"canonical":"http:\/\/www.vcelarskyspolek.cz\/?page_id=22","og_locale":"cs_CZ","og_type":"article","og_title":"Historie - V\u010cELA\u0158I Lomnice nad Popelkou","og_description":"&nbsp; HISTORIE V\u010cELA\u0158SK\u00c9HO SPOLKU V Lomnici Nad Popelkou \u010cl\u00e1nky odjinud 120 let organizovan\u00e9ho v\u010dela\u0159stv\u00ed na Lomnicku V M\u011bstsk\u00e9m muzeu a galerii v Lomnici p\u0159ipom\u00ednaj\u00ed m\u00edstn\u00ed v\u010dela\u0159e","og_url":"http:\/\/www.vcelarskyspolek.cz\/?page_id=22","og_site_name":"V\u010cELA\u0158I Lomnice nad Popelkou","article_modified_time":"2015-09-01T18:35:48+00:00","twitter_card":"summary_large_image","schema":{"@context":"https:\/\/schema.org","@graph":[{"@type":"WebPage","@id":"http:\/\/www.vcelarskyspolek.cz\/?page_id=22","url":"http:\/\/www.vcelarskyspolek.cz\/?page_id=22","name":"Historie - V\u010cELA\u0158I Lomnice nad Popelkou","isPartOf":{"@id":"https:\/\/www.vcelarskyspolek.cz\/#website"},"datePublished":"2015-01-10T19:42:22+00:00","dateModified":"2015-09-01T18:35:48+00:00","breadcrumb":{"@id":"http:\/\/www.vcelarskyspolek.cz\/?page_id=22#breadcrumb"},"inLanguage":"cs","potentialAction":[{"@type":"ReadAction","target":["http:\/\/www.vcelarskyspolek.cz\/?page_id=22"]}]},{"@type":"BreadcrumbList","@id":"http:\/\/www.vcelarskyspolek.cz\/?page_id=22#breadcrumb","itemListElement":[{"@type":"ListItem","position":1,"name":"Dom\u016f","item":"https:\/\/www.vcelarskyspolek.cz\/"},{"@type":"ListItem","position":2,"name":"Historie"}]},{"@type":"WebSite","@id":"https:\/\/www.vcelarskyspolek.cz\/#website","url":"https:\/\/www.vcelarskyspolek.cz\/","name":"V\u010cELA\u0158I Lomnice nad Popelkou","description":"","potentialAction":[{"@type":"SearchAction","target":{"@type":"EntryPoint","urlTemplate":"https:\/\/www.vcelarskyspolek.cz\/?s={search_term_string}"},"query-input":"required name=search_term_string"}],"inLanguage":"cs"}]}},"_links":{"self":[{"href":"http:\/\/www.vcelarskyspolek.cz\/index.php?rest_route=\/wp\/v2\/pages\/22"}],"collection":[{"href":"http:\/\/www.vcelarskyspolek.cz\/index.php?rest_route=\/wp\/v2\/pages"}],"about":[{"href":"http:\/\/www.vcelarskyspolek.cz\/index.php?rest_route=\/wp\/v2\/types\/page"}],"author":[{"embeddable":true,"href":"http:\/\/www.vcelarskyspolek.cz\/index.php?rest_route=\/wp\/v2\/users\/2"}],"replies":[{"embeddable":true,"href":"http:\/\/www.vcelarskyspolek.cz\/index.php?rest_route=%2Fwp%2Fv2%2Fcomments&post=22"}],"version-history":[{"count":16,"href":"http:\/\/www.vcelarskyspolek.cz\/index.php?rest_route=\/wp\/v2\/pages\/22\/revisions"}],"predecessor-version":[{"id":2256,"href":"http:\/\/www.vcelarskyspolek.cz\/index.php?rest_route=\/wp\/v2\/pages\/22\/revisions\/2256"}],"wp:attachment":[{"href":"http:\/\/www.vcelarskyspolek.cz\/index.php?rest_route=%2Fwp%2Fv2%2Fmedia&parent=22"}],"curies":[{"name":"wp","href":"https:\/\/api.w.org\/{rel}","templated":true}]}}