{"id":165,"date":"2015-01-16T19:58:35","date_gmt":"2015-01-16T18:58:35","guid":{"rendered":"http:\/\/bee02.moox.cz\/?page_id=165"},"modified":"2026-01-12T20:21:01","modified_gmt":"2026-01-12T19:21:01","slug":"kalendar","status":"publish","type":"page","link":"http:\/\/www.vcelarskyspolek.cz\/?page_id=165","title":{"rendered":"Kalend\u00e1\u0159"},"content":{"rendered":"<p>&gt;<\/p>\n<p>&nbsp;<\/p>\n<table style=\"height: 3121px;\" border=\"0\" width=\"1272\" cellspacing=\"0\">\n<colgroup width=\"16\"><\/colgroup>\n<colgroup width=\"125\"><\/colgroup>\n<colgroup width=\"250\"><\/colgroup>\n<colgroup width=\"62\"><\/colgroup>\n<colgroup width=\"73\"><\/colgroup>\n<colgroup width=\"484\"><\/colgroup>\n<colgroup width=\"118\"><\/colgroup>\n<tbody>\n<tr>\n<td align=\"left\" valign=\"middle\" height=\"44\">&nbsp;<\/td>\n<td colspan=\"6\" align=\"center\" valign=\"middle\"><span style=\"font-size: x-large;\">Program \u010dinnosti ZO v obdob\u00ed 133.roku (2025)<\/span><\/td>\n<\/tr>\n<tr>\n<td align=\"left\" valign=\"middle\" height=\"44\">&nbsp;<\/td>\n<td align=\"left\" valign=\"middle\"><b><i>datum<\/i><\/b><\/td>\n<td align=\"center\" valign=\"middle\"><b><i>\u010dinnost<\/i><\/b><\/td>\n<td align=\"center\" valign=\"middle\"><b><i>zimn\u00ed letn\u00ed \u010das<\/i><\/b><\/td>\n<td align=\"center\" valign=\"middle\"><b><i>za\u010d\u00e1tek<\/i><\/b><\/td>\n<td align=\"center\" valign=\"middle\"><b><i>n\u00e1pl\u0148<\/i><\/b><\/td>\n<td align=\"center\" valign=\"middle\"><b><i>vedouc\u00ed<\/i><\/b><\/td>\n<\/tr>\n<tr>\n<td align=\"left\" valign=\"middle\" height=\"44\">&nbsp;<\/td>\n<td align=\"left\" valign=\"middle\" bgcolor=\"#CCFFFF\"><b>9.1.2026<\/b><\/td>\n<td align=\"left\" valign=\"middle\" bgcolor=\"#CCFFFF\"><b><u>Pravideln\u00e1 sch\u016fze<\/u><\/b><\/td>\n<td style=\"text-align: center;\" align=\"left\" valign=\"middle\" bgcolor=\"#CCFFFF\">Zimn\u00ed<\/td>\n<td align=\"center\" valign=\"middle\" bgcolor=\"#CCFFFF\"><b>19:00<\/b><\/td>\n<td align=\"left\" valign=\"middle\" bgcolor=\"#CCFFFF\"><b><u>V\u00fdb\u011br vzork\u016f m\u011bli<\/u><\/b><\/td>\n<td align=\"left\" valign=\"middle\" bgcolor=\"#CCFFFF\">Mikule<\/td>\n<\/tr>\n<tr>\n<td align=\"left\" valign=\"middle\" height=\"44\">&nbsp;<\/td>\n<td align=\"left\" valign=\"middle\" bgcolor=\"#CCFFFF\"><b>13.2.2026<\/b><\/td>\n<td style=\"text-align: left;\" align=\"left\" valign=\"middle\" bgcolor=\"#CCFFFF\"><strong><u>V\u00fdro\u010dn\u00ed sch\u016fze<\/u><\/strong><\/td>\n<td style=\"text-align: center;\" align=\"left\" valign=\"middle\" bgcolor=\"#CCFFFF\">Zimn\u00ed<\/td>\n<td align=\"center\" valign=\"middle\" bgcolor=\"#CCFFFF\"><b>18:00<\/b><\/td>\n<td align=\"left\" valign=\"middle\" bgcolor=\"#CCFFFF\">V\u00fdro\u010dn\u00ed sch\u016fze, zpr\u00e1va o \u010dinnosti v roce 2024, schv\u00e1len\u00ed pl\u00e1nu \u010dinnosti a rozpo\u010dtu pro rok 2025, \u00fa\u010dast \u010dlen\u016f nutn\u00e1<\/td>\n<td align=\"left\" valign=\"middle\" bgcolor=\"#CCFFFF\">Nosek, Dama\u0161ek, V\u00fdbor ZO<\/td>\n<\/tr>\n<tr>\n<td align=\"left\" valign=\"middle\" height=\"44\">&nbsp;<\/td>\n<td align=\"left\" valign=\"middle\" bgcolor=\"#FFFFFF\"><b>20.2.2026<\/b><\/td>\n<td align=\"left\" valign=\"middle\" bgcolor=\"#FFFFFF\"><strong><u>P\u0159edn\u00e1\u0161ka<\/u><\/strong><\/td>\n<td style=\"text-align: center;\" align=\"left\" valign=\"middle\" bgcolor=\"#FFFFFF\">Zimn\u00ed<\/td>\n<td align=\"center\" valign=\"middle\" bgcolor=\"#FFFFFF\"><b>19:00<\/b><\/td>\n<td align=\"left\" valign=\"middle\" bgcolor=\"#FFFFFF\"><strong>Dominik L\u00e1zni\u010dka<br \/>\nRacionalizace a zlep\u0161ov\u00e1ky ve v\u010dela\u0159stv\u00ed<\/strong><\/td>\n<td align=\"left\" valign=\"middle\" bgcolor=\"#FFFFFF\">Frierdrichov\u00e1<\/td>\n<\/tr>\n<tr>\n<td align=\"left\" valign=\"middle\" height=\"44\">&nbsp;<\/td>\n<td align=\"left\" valign=\"middle\" bgcolor=\"#CCFFFF\"><b>13.3.2026<\/b><\/td>\n<td align=\"left\" valign=\"middle\" bgcolor=\"#CCFFFF\">&nbsp;<b><u>Pravideln\u00e1 sch\u016fze<\/u><\/b><\/td>\n<td style=\"text-align: center;\" align=\"left\" valign=\"middle\" bgcolor=\"#CCFFFF\">Zimn\u00ed<\/td>\n<td align=\"center\" valign=\"middle\" bgcolor=\"#CCFFFF\"><b>19:00<\/b><\/td>\n<td align=\"left\" valign=\"middle\" bgcolor=\"#CCFFFF\">&nbsp;<\/td>\n<td align=\"left\" valign=\"middle\" bgcolor=\"#CCFFFF\">Nosek<\/td>\n<\/tr>\n<tr>\n<td align=\"left\" valign=\"middle\" height=\"44\">&nbsp;<\/td>\n<td align=\"left\" valign=\"middle\">&nbsp;<\/td>\n<td align=\"left\" valign=\"middle\">Jarn\u00ed p\u0159el\u00e9\u010den\u00ed<\/td>\n<td align=\"left\" valign=\"middle\">&nbsp;<\/td>\n<td align=\"center\" valign=\"middle\">&nbsp;<\/td>\n<td align=\"left\" valign=\"middle\">Dle vyhl\u00e1\u0161ky SVS a v\u00fdsledk\u016f vy\u0161et\u0159en\u00ed zimn\u00ed m\u011bli. L\u00e9\u010divo M1<\/td>\n<td align=\"left\" valign=\"middle\">d\u016fv\u011brn\u00edci<\/td>\n<\/tr>\n<tr>\n<td align=\"left\" valign=\"middle bgcolor=\" height=\"44\">&nbsp;<\/td>\n<td align=\"left\" valign=\"middle\" bgcolor=\"#FFFF99\"><b>10.4.2026<\/b><\/td>\n<td align=\"left\" valign=\"middle\" bgcolor=\"#FFFF99\"><strong><u>Pravideln\u00e1 sch\u016fze<\/u><\/strong><\/td>\n<td style=\"text-align: center;\" align=\"left\" bgcolor=\"#FFFF99\">Letn\u00ed<\/td>\n<td align=\"center\" valign=\"middle\" bgcolor=\"#FFFF99\"><strong>19:00<\/strong><\/td>\n<td align=\"left\" valign=\"middle\" bgcolor=\"#FFFF99\">Sestaven\u00ed objedn\u00e1vky Formidolov\u00fdch desek<\/td>\n<td align=\"left\" valign=\"middle\" bgcolor=\"#FFFF99\">Mikule, Dama\u0161ek<\/td>\n<\/tr>\n<tr>\n<td align=\"left\" valign=\"middle\" height=\"44\">&nbsp;<\/td>\n<td align=\"left\" valign=\"middle\"><strong>25.4.2026<\/strong><\/td>\n<td align=\"left\" valign=\"middle\"><strong>Zlat\u00e1 v\u010dela<\/strong><\/td>\n<td style=\"text-align: center;\" align=\"left\" valign=\"middle\"><strong>Letn\u00ed<\/strong><\/td>\n<td align=\"center\" valign=\"middle\">&nbsp;<\/td>\n<td align=\"left\" valign=\"middle\"><strong>Zaji\u0161t\u011bn\u00ed chodu sout\u011b\u017ee d\u011btsk\u00fdch krou\u017ek\u016f.<\/strong><\/td>\n<td align=\"left\" valign=\"middle\">&nbsp;<\/td>\n<\/tr>\n<tr>\n<td align=\"left\" valign=\"middle bgcolor=\" height=\"44\">&nbsp;<\/td>\n<td align=\"left\" valign=\"middle\" bgcolor=\"#FFFF99\"><b>15.5.2026<\/b><\/td>\n<td align=\"left\" valign=\"middle\" bgcolor=\"#FFFF99\"><strong><u>Pravideln\u00e1 sch\u016fze<\/u><\/strong><\/td>\n<td style=\"text-align: center;\" align=\"left\" bgcolor=\"#FFFF99\">Letn\u00ed<\/td>\n<td align=\"center\" valign=\"middle\" bgcolor=\"#FFFF99\"><strong>19:00<\/strong><\/td>\n<td align=\"left\" valign=\"middle\" bgcolor=\"#FFFF99\">P\u0159\u00edprava Okresn\u00edho chovatelsk\u00e9ho dne<\/td>\n<td align=\"left\" valign=\"middle\" bgcolor=\"#FFFF99\">Nosek<\/td>\n<\/tr>\n<tr>\n<td align=\"left\" valign=\"middle bgcolor=\" height=\"44\">&nbsp;<\/td>\n<td align=\"left\" valign=\"middle\" bgcolor=\"#FFFFFF\"><b>16.5.2026<\/b><\/td>\n<td align=\"left\" valign=\"middle\" bgcolor=\"#FFFFFF\"><strong><u>Okresn\u00ed chovatelsk\u00fd den<\/u><\/strong><\/td>\n<td style=\"text-align: center;\" align=\"left\" bgcolor=\"#FFFFFF\">Letn\u00ed<\/td>\n<td align=\"center\" valign=\"middle\" bgcolor=\"#FFFFFF\"><strong>8:30<\/strong><\/td>\n<td align=\"left\" valign=\"middle\" bgcolor=\"#FFFFFF\">Zah\u00e1jen\u00ed 9:00 &#8211; T\u00e9ma a p\u0159edn\u00e1\u0161ej\u00edc\u00ed budou up\u0159esn\u011bni<\/td>\n<td align=\"left\" valign=\"middle\" bgcolor=\"#FFFFFF\">&nbsp;<\/td>\n<\/tr>\n<tr>\n<td align=\"left\" valign=\"middle bgcolor=\" height=\"44\">&nbsp;<\/td>\n<td align=\"left\" valign=\"middle\" bgcolor=\"#FFFFFF\"><b>23.-24.5.2026<\/b><\/td>\n<td align=\"left\" valign=\"middle\" bgcolor=\"#FFFFFF\"><strong><u>T\u00e1borsk\u00e1 pou\u0165<\/u><\/strong><\/td>\n<td style=\"text-align: center;\" align=\"left\" bgcolor=\"#FFFFFF\">Letn\u00ed<\/td>\n<td align=\"center\" valign=\"middle\" bgcolor=\"#FFFFFF\"><strong>9:00<\/strong><\/td>\n<td align=\"left\" valign=\"middle\" bgcolor=\"#FFFFFF\">Uspo\u0159\u00e1d\u00e1n\u00ed tradi\u010dn\u00edho ob\u010derstven\u00ed&nbsp;<\/td>\n<td align=\"left\" valign=\"middle\" bgcolor=\"#FFFFFF\">&nbsp;<\/td>\n<\/tr>\n<tr>\n<td align=\"left\" valign=\"middle bgcolor=\" height=\"44\">&nbsp;<\/td>\n<td align=\"left\" valign=\"middle\" bgcolor=\"#FFFF99\"><b>12.6.2026<\/b><\/td>\n<td align=\"left\" valign=\"middle\" bgcolor=\"#FFFF99\"><strong><u>Pravideln\u00e1 sch\u016fze<\/u><\/strong><\/td>\n<td style=\"text-align: center;\" align=\"left\" bgcolor=\"#FFFF99\">Letn\u00ed<\/td>\n<td align=\"center\" valign=\"middle\" bgcolor=\"#FFFF99\"><strong>19:00<\/strong><\/td>\n<td align=\"left\" valign=\"middle\" bgcolor=\"#FFFF99\">V\u00fddej Formidolov\u00fdch desek, sestaven\u00ed objedn\u00e1vky podzimn\u00edho l\u00e9\u010diva<\/td>\n<td align=\"left\" valign=\"middle\" bgcolor=\"#FFFF99\">Mikule<\/td>\n<\/tr>\n<tr>\n<td align=\"left\" valign=\"middle bgcolor=\" height=\"44\">&nbsp;<\/td>\n<td align=\"left\" valign=\"middle\" bgcolor=\"#FFFF99\"><b>10.7.2026<\/b><\/td>\n<td align=\"left\" valign=\"middle\" bgcolor=\"#FFFF99\"><strong><u>Pravideln\u00e1 sch\u016fze<\/u><\/strong><\/td>\n<td style=\"text-align: center;\" align=\"left\" bgcolor=\"#FFFF99\">Letn\u00ed<\/td>\n<td align=\"center\" valign=\"middle\" bgcolor=\"#FFFF99\"><strong>19:00<\/strong><\/td>\n<td align=\"left\" valign=\"middle\" bgcolor=\"#FFFF99\">V\u00fddej Formidolov\u00fdch desek<\/td>\n<td align=\"left\" valign=\"middle\" bgcolor=\"#FFFF99\">Nosek, Mikule<\/td>\n<\/tr>\n<tr>\n<td align=\"left\" valign=\"middle bgcolor=\" height=\"44\">&nbsp;<\/td>\n<td align=\"left\" valign=\"middle\" bgcolor=\"#FFFF99\"><b>14.8.2026<\/b><\/td>\n<td align=\"left\" valign=\"middle\" bgcolor=\"#FFFF99\"><strong><u>Pravideln\u00e1 sch\u016fze<\/u><\/strong><\/td>\n<td style=\"text-align: center;\" align=\"left\" bgcolor=\"#FFFF99\">Letn\u00ed<\/td>\n<td align=\"center\" valign=\"middle\" bgcolor=\"#FFFF99\"><strong>19:00<\/strong><\/td>\n<td align=\"left\" valign=\"middle\" bgcolor=\"#FFFF99\">&nbsp;<\/td>\n<td align=\"left\" valign=\"middle\" bgcolor=\"#FFFF99\">Dama\u0161ek<\/td>\n<\/tr>\n<tr>\n<td align=\"left\" valign=\"middle bgcolor=\" height=\"44\">&nbsp;<\/td>\n<td align=\"left\" valign=\"middle\" bgcolor=\"#FFFF99\"><b>11.9.2026<\/b><\/td>\n<td align=\"left\" valign=\"middle\" bgcolor=\"#FFFF99\"><strong><u>Pravideln\u00e1 sch\u016fze<\/u><\/strong><\/td>\n<td style=\"text-align: center;\" align=\"left\" bgcolor=\"#FFFF99\">Letn\u00ed<\/td>\n<td align=\"center\" valign=\"middle\" bgcolor=\"#FFFF99\"><strong>19:00<\/strong><\/td>\n<td align=\"left\" valign=\"middle\" bgcolor=\"#FFFF99\">Odevzd\u00e1n\u00ed \u017e\u00e1dosti na dotaci 1D, up\u0159esn\u011bn\u00ed term\u00ednu \u0161kolen\u00ed obsluh vyv\u00edje\u010de aerosolu, aktualizace s\u00edt\u011b \u00fasekov\u00fdch d\u016fv\u011brn\u00edk\u016f a jejich okrsk\u016f. Nahl\u00e1\u0161en\u00ed po\u010dtu v\u0161ech v\u010delstev k 1.9.2026<\/td>\n<td align=\"left\" valign=\"middle\" bgcolor=\"#FFFF99\">Dama\u0161ek<\/td>\n<\/tr>\n<tr>\n<td align=\"left\" valign=\"middle bgcolor=\" height=\"44\">&nbsp;<\/td>\n<td align=\"left\" valign=\"middle\" bgcolor=\"#FFFF99\"><b>9.10.2026<\/b><\/td>\n<td align=\"left\" valign=\"middle\" bgcolor=\"#FFFF99\"><strong><u>Pravideln\u00e1 sch\u016fze<\/u><\/strong><\/td>\n<td style=\"text-align: center;\" align=\"left\" bgcolor=\"#FFFF99\">Letn\u00ed<\/td>\n<td align=\"center\" valign=\"middle\" bgcolor=\"#FFFF99\"><strong>19:00<\/strong><\/td>\n<td align=\"left\" valign=\"middle\" bgcolor=\"#FFFF99\">Rozd\u011blen\u00ed podzimn\u00edho l\u00e9\u010diva, stanoven\u00ed term\u00edn\u016f pro o\u0161et\u0159en\u00ed v\u010delstev aerosolem<\/td>\n<td align=\"left\" valign=\"middle\" bgcolor=\"#FFFF99\">Nosek<\/td>\n<\/tr>\n<tr>\n<td align=\"left\" valign=\"middle\" height=\"44\">&nbsp;<\/td>\n<td align=\"left\" valign=\"middle\" bgcolor=\"#CCFFFF\"><b>13.11.2026<\/b><\/td>\n<td align=\"left\" valign=\"middle\" bgcolor=\"#CCFFFF\"><b><u>Pravideln\u00e1 sch\u016fze<\/u><\/b><\/td>\n<td style=\"text-align: center;\" align=\"left\" bgcolor=\"#CCFFFF\">Zimn\u00ed<\/td>\n<td align=\"center\" valign=\"middle\" bgcolor=\"#CCFFFF\"><b>19:00<\/b><\/td>\n<td align=\"left\" valign=\"middle\" bgcolor=\"#CCFFFF\">V\u00fddej kompresor\u016f, l\u00e9\u010diva, vyv\u00edje\u010d\u016f aerosolu a p\u0159\u00edslu\u0161enstv\u00ed<\/td>\n<td align=\"left\" valign=\"middle\" bgcolor=\"#CCFFFF\">Dama\u0161ek, Mikule<\/td>\n<\/tr>\n<tr>\n<td align=\"left\" valign=\"middle\" height=\"44\">&nbsp;<\/td>\n<td align=\"left\" valign=\"middle\" bgcolor=\"#CCFFFF\"><b>11.12.2026<\/b><\/td>\n<td align=\"left\" valign=\"middle\" bgcolor=\"#CCFFFF\"><b><u>Pravideln\u00e1 sch\u016fze<\/u><\/b><\/td>\n<td style=\"text-align: center;\" align=\"left\" valign=\"middle\" bgcolor=\"#CCFFFF\">Zimn\u00ed<\/td>\n<td align=\"center\" valign=\"middle\" bgcolor=\"#CCFFFF\"><b>19:00<\/b><\/td>\n<td align=\"left\" valign=\"middle\" bgcolor=\"#CCFFFF\">V\u00e1no\u010dn\u00ed posezen\u00ed<\/td>\n<td align=\"left\" valign=\"middle\" bgcolor=\"#CCFFFF\">Nosek<\/td>\n<\/tr>\n<tr>\n<td align=\"left\" valign=\"middle\" height=\"44\">&nbsp;<\/td>\n<td align=\"left\" valign=\"middle\" bgcolor=\"#CCFFFF\"><strong>8.1.2027<\/strong><\/td>\n<td align=\"left\" valign=\"middle\" bgcolor=\"#CCFFFF\"><b><u>Pravideln\u00e1 sch\u016fze<\/u><\/b><\/td>\n<td style=\"text-align: center;\" align=\"left\" valign=\"middle\" bgcolor=\"#CCFFFF\">Zimn\u00ed<\/td>\n<td style=\"text-align: center;\" align=\"left\" valign=\"middle\" bgcolor=\"#CCFFFF\"><b>19:00<\/b><\/td>\n<td align=\"left\" valign=\"middle\" bgcolor=\"#CCFFFF\">V\u00fdb\u011br vzork\u016f m\u011bli<\/td>\n<td align=\"left\" valign=\"middle\" bgcolor=\"#CCFFFF\">Mikule<\/td>\n<\/tr>\n<tr>\n<td align=\"left\" valign=\"middle\" height=\"40\">&nbsp;<\/td>\n<td colspan=\"6\" align=\"center\" valign=\"middle\"><span style=\"font-size: x-large;\">KALEND\u00c1\u0158 D\u016eLE\u017dIT\u00ddCH TERM\u00cdN\u016e<\/span><\/td>\n<\/tr>\n<tr>\n<td align=\"left\" valign=\"middle\" height=\"74\">&nbsp;<\/td>\n<td align=\"left\" valign=\"middle\"><b><i>TERM\u00cdN do<\/i><\/b><\/td>\n<td colspan=\"3\" align=\"center\" valign=\"middle\"><b><i>POVINNOST V\u010cELA\u0158E<\/i><\/b><\/td>\n<td colspan=\"2\" align=\"center\" valign=\"middle\"><b><i>CO MUS\u00cd CHOVATEL UD\u011aLAT<\/i><\/b><\/td>\n<\/tr>\n<tr>\n<td align=\"left\" valign=\"middle\" height=\"74\">&nbsp;<\/td>\n<td align=\"left\" valign=\"middle\">9.1.2026 (8.1.2027)<\/td>\n<td colspan=\"3\" align=\"left\" valign=\"middle\">odevzdat vzorek m\u011bli<\/td>\n<td style=\"text-align: left;\" colspan=\"2\" align=\"left\" valign=\"top\">Odevzdat min. 4 t\u00fddenn\u00ed vzorek m\u011bli, kter\u00e1 je vysu\u0161en\u00e1, bez mrtv\u00fdch v\u010del a zabalena v prody\u0161n\u00e9m pevn\u00e9m obalu.<\/td>\n<\/tr>\n<tr>\n<td align=\"left\" valign=\"middle\" height=\"74\">&nbsp;<\/td>\n<td align=\"left\" valign=\"middle\">1.9.2026<\/td>\n<td colspan=\"3\" align=\"left\" valign=\"middle\">odevzdat aktualizovanou registraci chovatele \u010cMSCH do Hradi\u0161tka<\/td>\n<td colspan=\"2\" align=\"left\" valign=\"top\">Povinn\u00fd \u00fakon platn\u00fd ka\u017edoro\u010dn\u011b &#8211; chovatel mus\u00ed potvrdit aktualizovan\u00fd formul\u00e1\u0159 a odeslat do \u00fast\u0159edn\u00ed evidence chovatel\u016f. Kopii registrace odevzdat jednateli ZO. Je mo\u017en\u00e9 vyu\u017e\u00edt hromadn\u00e9ho zasl\u00e1n\u00ed registrac\u00ed za celou ZO.<\/td>\n<\/tr>\n<tr>\n<td align=\"left\" valign=\"middle\" height=\"74\">&nbsp;<\/td>\n<td align=\"left\" valign=\"middle\">DO 15.10.2026<\/td>\n<td colspan=\"3\" align=\"left\" valign=\"middle\">odevzdat \u017e\u00e1dost o dotaci 1 D, vypln\u011bn\u00fd statistick\u00fd v\u00fdkaz a p\u0159\u00edpadn\u011b plnou moc<\/td>\n<td colspan=\"2\" align=\"left\" valign=\"top\">Odevzdat jednateli vypln\u011bnou \u017e\u00e1dost o dotaci 1 D, statistick\u00fd v\u00fdkaz a p\u0159\u00edpadn\u011b plnou moc k p\u0159evzet\u00ed dotace, pokud v\u010dela\u0159 v\u00ed, \u017ee bude m\u00edt probl\u00e9m se dostavit pro v\u00fdplatu dotace<\/td>\n<\/tr>\n<tr>\n<td align=\"left\" valign=\"middle\" height=\"74\">&nbsp;<\/td>\n<td align=\"left\" valign=\"middle\">DO 15.10.2026<\/td>\n<td colspan=\"3\" align=\"left\" valign=\"middle\">Nahl\u00e1sit skute\u010dn\u00fd po\u010det v\u010delstev a stanovi\u0161\u0165 k 1.9. jednatelovi za \u00fa\u010delem aktualizace CIS<\/td>\n<td colspan=\"2\" align=\"left\" valign=\"top\">Nahl\u00e1s\u00ed v\u0161ichni chovatel\u00e9 i ti, kte\u0159\u00ed ne\u017e\u00e1daj\u00ed o dotaci. POZOR hl\u00e1s\u00ed se v\u0161echna v\u010delstva i ta, na kter\u00e1 nen\u00ed uplat\u0148ov\u00e1na dotace 1D. Posta\u010d\u00ed kopie aktualizovan\u00e9 registrace k 1.9. pro \u010cMSCH.<\/td>\n<\/tr>\n<tr>\n<td align=\"left\" valign=\"middle\" height=\"74\">&nbsp;<\/td>\n<td align=\"left\" valign=\"middle\">1. \u0159\u00edjnov\u00fd t\u00fdden<\/td>\n<td colspan=\"3\" align=\"left\" valign=\"middle\">vlo\u017eit o\u010di\u0161t\u011btn\u00e9 podlo\u017eky do \u00fal\u016f a zh\u00e1jit l\u00e9\u010den\u00ed proti varo\u00e1ze<\/td>\n<td colspan=\"2\" align=\"left\" valign=\"top\">Povinnost dan\u00e1 aktu\u00e1ln\u00ed Metodikou kontroly zdrav\u00ed zv\u00ed\u0159at, konkr\u00e9tn\u00ed term\u00edn a rozsah bude v\u010das sd\u011blen dle platn\u00e9 metodiky a n\u00e1kazov\u00e9 situace<\/td>\n<\/tr>\n<\/tbody>\n<\/table>\n<p>&nbsp;<\/p>\n<p>&nbsp;<\/p>\n","protected":false},"excerpt":{"rendered":"<p>&gt; &nbsp; &nbsp; Program \u010dinnosti ZO v obdob\u00ed 133.roku (2025) &nbsp; datum \u010dinnost zimn\u00ed letn\u00ed \u010das za\u010d\u00e1tek n\u00e1pl\u0148 vedouc\u00ed &nbsp; 9.1.2026 Pravideln\u00e1 sch\u016fze Zimn\u00ed 19:00 V\u00fdb\u011br vzork\u016f m\u011bli Mikule &nbsp; 13.2.2026 V\u00fdro\u010dn\u00ed sch\u016fze Zimn\u00ed 18:00 V\u00fdro\u010dn\u00ed sch\u016fze, zpr\u00e1va o \u010dinnosti<span class=\"ellipsis\">&hellip;<\/span><\/p>\n<div class=\"read-more\"><a href=\"http:\/\/www.vcelarskyspolek.cz\/?page_id=165\">\u010c\u00edst d\u00e1le &#8250;<\/a><\/div>\n<p><!-- end of .read-more --><\/p>\n","protected":false},"author":2,"featured_media":0,"parent":0,"menu_order":0,"comment_status":"closed","ping_status":"closed","template":"","meta":{"ngg_post_thumbnail":0},"yoast_head":"<!-- This site is optimized with the Yoast SEO plugin v19.13-RC1 - https:\/\/yoast.com\/wordpress\/plugins\/seo\/ -->\n<title>Kalend\u00e1\u0159 - V\u010cELA\u0158I Lomnice nad Popelkou<\/title>\n<meta name=\"robots\" content=\"index, follow, max-snippet:-1, max-image-preview:large, max-video-preview:-1\" \/>\n<link rel=\"canonical\" href=\"https:\/\/www.vcelarskyspolek.cz\/?page_id=165\" \/>\n<meta property=\"og:locale\" content=\"cs_CZ\" \/>\n<meta property=\"og:type\" content=\"article\" \/>\n<meta property=\"og:title\" content=\"Kalend\u00e1\u0159 - V\u010cELA\u0158I Lomnice nad Popelkou\" \/>\n<meta property=\"og:description\" content=\"&gt; &nbsp; &nbsp; Program \u010dinnosti ZO v obdob\u00ed 133.roku (2025) &nbsp; datum \u010dinnost zimn\u00ed letn\u00ed \u010das za\u010d\u00e1tek n\u00e1pl\u0148 vedouc\u00ed &nbsp; 9.1.2026 Pravideln\u00e1 sch\u016fze Zimn\u00ed 19:00 V\u00fdb\u011br vzork\u016f m\u011bli Mikule &nbsp; 13.2.2026 V\u00fdro\u010dn\u00ed sch\u016fze Zimn\u00ed 18:00 V\u00fdro\u010dn\u00ed sch\u016fze, zpr\u00e1va o \u010dinnosti&hellip;\u010c\u00edst d\u00e1le &#8250;\" \/>\n<meta property=\"og:url\" content=\"https:\/\/www.vcelarskyspolek.cz\/?page_id=165\" \/>\n<meta property=\"og:site_name\" content=\"V\u010cELA\u0158I Lomnice nad Popelkou\" \/>\n<meta property=\"article:modified_time\" content=\"2026-01-12T19:21:01+00:00\" \/>\n<meta name=\"twitter:card\" content=\"summary_large_image\" \/>\n<meta name=\"twitter:label1\" content=\"Odhadovan\u00e1 doba \u010dten\u00ed\" \/>\n\t<meta name=\"twitter:data1\" content=\"3 minuty\" \/>\n<script type=\"application\/ld+json\" class=\"yoast-schema-graph\">{\"@context\":\"https:\/\/schema.org\",\"@graph\":[{\"@type\":\"WebPage\",\"@id\":\"https:\/\/www.vcelarskyspolek.cz\/?page_id=165\",\"url\":\"https:\/\/www.vcelarskyspolek.cz\/?page_id=165\",\"name\":\"Kalend\u00e1\u0159 - V\u010cELA\u0158I Lomnice nad Popelkou\",\"isPartOf\":{\"@id\":\"https:\/\/www.vcelarskyspolek.cz\/#website\"},\"datePublished\":\"2015-01-16T18:58:35+00:00\",\"dateModified\":\"2026-01-12T19:21:01+00:00\",\"breadcrumb\":{\"@id\":\"https:\/\/www.vcelarskyspolek.cz\/?page_id=165#breadcrumb\"},\"inLanguage\":\"cs\",\"potentialAction\":[{\"@type\":\"ReadAction\",\"target\":[\"https:\/\/www.vcelarskyspolek.cz\/?page_id=165\"]}]},{\"@type\":\"BreadcrumbList\",\"@id\":\"https:\/\/www.vcelarskyspolek.cz\/?page_id=165#breadcrumb\",\"itemListElement\":[{\"@type\":\"ListItem\",\"position\":1,\"name\":\"Dom\u016f\",\"item\":\"https:\/\/www.vcelarskyspolek.cz\/\"},{\"@type\":\"ListItem\",\"position\":2,\"name\":\"Kalend\u00e1\u0159\"}]},{\"@type\":\"WebSite\",\"@id\":\"https:\/\/www.vcelarskyspolek.cz\/#website\",\"url\":\"https:\/\/www.vcelarskyspolek.cz\/\",\"name\":\"V\u010cELA\u0158I Lomnice nad Popelkou\",\"description\":\"\",\"potentialAction\":[{\"@type\":\"SearchAction\",\"target\":{\"@type\":\"EntryPoint\",\"urlTemplate\":\"https:\/\/www.vcelarskyspolek.cz\/?s={search_term_string}\"},\"query-input\":\"required name=search_term_string\"}],\"inLanguage\":\"cs\"}]}<\/script>\n<!-- \/ Yoast SEO plugin. -->","yoast_head_json":{"title":"Kalend\u00e1\u0159 - V\u010cELA\u0158I Lomnice nad Popelkou","robots":{"index":"index","follow":"follow","max-snippet":"max-snippet:-1","max-image-preview":"max-image-preview:large","max-video-preview":"max-video-preview:-1"},"canonical":"https:\/\/www.vcelarskyspolek.cz\/?page_id=165","og_locale":"cs_CZ","og_type":"article","og_title":"Kalend\u00e1\u0159 - V\u010cELA\u0158I Lomnice nad Popelkou","og_description":"&gt; &nbsp; &nbsp; Program \u010dinnosti ZO v obdob\u00ed 133.roku (2025) &nbsp; datum \u010dinnost zimn\u00ed letn\u00ed \u010das za\u010d\u00e1tek n\u00e1pl\u0148 vedouc\u00ed &nbsp; 9.1.2026 Pravideln\u00e1 sch\u016fze Zimn\u00ed 19:00 V\u00fdb\u011br vzork\u016f m\u011bli Mikule &nbsp; 13.2.2026 V\u00fdro\u010dn\u00ed sch\u016fze Zimn\u00ed 18:00 V\u00fdro\u010dn\u00ed sch\u016fze, zpr\u00e1va o \u010dinnosti&hellip;\u010c\u00edst d\u00e1le &#8250;","og_url":"https:\/\/www.vcelarskyspolek.cz\/?page_id=165","og_site_name":"V\u010cELA\u0158I Lomnice nad Popelkou","article_modified_time":"2026-01-12T19:21:01+00:00","twitter_card":"summary_large_image","twitter_misc":{"Odhadovan\u00e1 doba \u010dten\u00ed":"3 minuty"},"schema":{"@context":"https:\/\/schema.org","@graph":[{"@type":"WebPage","@id":"https:\/\/www.vcelarskyspolek.cz\/?page_id=165","url":"https:\/\/www.vcelarskyspolek.cz\/?page_id=165","name":"Kalend\u00e1\u0159 - V\u010cELA\u0158I Lomnice nad Popelkou","isPartOf":{"@id":"https:\/\/www.vcelarskyspolek.cz\/#website"},"datePublished":"2015-01-16T18:58:35+00:00","dateModified":"2026-01-12T19:21:01+00:00","breadcrumb":{"@id":"https:\/\/www.vcelarskyspolek.cz\/?page_id=165#breadcrumb"},"inLanguage":"cs","potentialAction":[{"@type":"ReadAction","target":["https:\/\/www.vcelarskyspolek.cz\/?page_id=165"]}]},{"@type":"BreadcrumbList","@id":"https:\/\/www.vcelarskyspolek.cz\/?page_id=165#breadcrumb","itemListElement":[{"@type":"ListItem","position":1,"name":"Dom\u016f","item":"https:\/\/www.vcelarskyspolek.cz\/"},{"@type":"ListItem","position":2,"name":"Kalend\u00e1\u0159"}]},{"@type":"WebSite","@id":"https:\/\/www.vcelarskyspolek.cz\/#website","url":"https:\/\/www.vcelarskyspolek.cz\/","name":"V\u010cELA\u0158I Lomnice nad Popelkou","description":"","potentialAction":[{"@type":"SearchAction","target":{"@type":"EntryPoint","urlTemplate":"https:\/\/www.vcelarskyspolek.cz\/?s={search_term_string}"},"query-input":"required name=search_term_string"}],"inLanguage":"cs"}]}},"_links":{"self":[{"href":"http:\/\/www.vcelarskyspolek.cz\/index.php?rest_route=\/wp\/v2\/pages\/165"}],"collection":[{"href":"http:\/\/www.vcelarskyspolek.cz\/index.php?rest_route=\/wp\/v2\/pages"}],"about":[{"href":"http:\/\/www.vcelarskyspolek.cz\/index.php?rest_route=\/wp\/v2\/types\/page"}],"author":[{"embeddable":true,"href":"http:\/\/www.vcelarskyspolek.cz\/index.php?rest_route=\/wp\/v2\/users\/2"}],"replies":[{"embeddable":true,"href":"http:\/\/www.vcelarskyspolek.cz\/index.php?rest_route=%2Fwp%2Fv2%2Fcomments&post=165"}],"version-history":[{"count":27,"href":"http:\/\/www.vcelarskyspolek.cz\/index.php?rest_route=\/wp\/v2\/pages\/165\/revisions"}],"predecessor-version":[{"id":24905,"href":"http:\/\/www.vcelarskyspolek.cz\/index.php?rest_route=\/wp\/v2\/pages\/165\/revisions\/24905"}],"wp:attachment":[{"href":"http:\/\/www.vcelarskyspolek.cz\/index.php?rest_route=%2Fwp%2Fv2%2Fmedia&parent=165"}],"curies":[{"name":"wp","href":"https:\/\/api.w.org\/{rel}","templated":true}]}}